{"id":2276,"date":"2020-05-01T00:03:31","date_gmt":"2020-05-01T00:03:31","guid":{"rendered":"http:\/\/liceaga.facmed.unam.mx\/deptos\/myp_2020\/?page_id=2276"},"modified":"2020-05-01T00:04:46","modified_gmt":"2020-05-01T00:04:46","slug":"campylobacter-jejuni","status":"publish","type":"page","link":"https:\/\/microypara.facmed.unam.mx\/index.php\/campylobacter-jejuni\/","title":{"rendered":"Campylobacter jejuni"},"content":{"rendered":"<p>[et_pb_section fb_built=\u00bb1&#8243; _builder_version=\u00bb4.4.2&#8243; custom_padding=\u00bb||0px|||\u00bb][et_pb_row _builder_version=\u00bb4.4.2&#8243;][et_pb_column type=\u00bb4_4&#8243; _builder_version=\u00bb4.4.2&#8243;][et_pb_text _builder_version=\u00bb4.4.2&#8243; box_shadow_style=\u00bbpreset5&#8243; box_shadow_color=\u00bb#0c71c3&#8243;]<\/p>\n<section class=\"elementor-element elementor-element-8f540b8 elementor-section-boxed elementor-section-height-default elementor-section-height-default elementor-section elementor-top-section\" data-id=\"8f540b8\" data-element_type=\"section\">\n<div class=\"elementor-container elementor-column-gap-default\">\n<div class=\"elementor-row\">\n<div class=\"elementor-element elementor-element-c590f64 elementor-column elementor-col-100 elementor-top-column\" data-id=\"c590f64\" data-element_type=\"column\">\n<div class=\"elementor-column-wrap  elementor-element-populated\">\n<div class=\"elementor-widget-wrap\">\n<div class=\"elementor-element elementor-element-773425d elementor-widget elementor-widget-heading\" data-id=\"773425d\" data-element_type=\"widget\" data-widget_type=\"heading.default\">\n<div class=\"elementor-widget-container\">\n<h2 class=\"elementor-heading-title elementor-size-default\" style=\"text-align: left;\"><strong>Bacteriolog\u00eda<\/strong><\/h2>\n<\/div>\n<\/div>\n<\/div>\n<\/div>\n<\/div>\n<\/div>\n<\/div>\n<\/section>\n<section class=\"elementor-element elementor-element-27320e7 elementor-section-boxed elementor-section-height-default elementor-section-height-default elementor-section elementor-top-section\" data-id=\"27320e7\" data-element_type=\"section\">\n<div class=\"elementor-container elementor-column-gap-default\">\n<div class=\"elementor-row\">\n<div class=\"elementor-element elementor-element-2df4bac elementor-column elementor-col-100 elementor-top-column\" data-id=\"2df4bac\" data-element_type=\"column\">\n<div class=\"elementor-column-wrap  elementor-element-populated\">\n<div class=\"elementor-widget-wrap\">\n<div class=\"elementor-element elementor-element-7f5366e elementor-widget elementor-widget-heading\" data-id=\"7f5366e\" data-element_type=\"widget\" data-widget_type=\"heading.default\">\n<div class=\"elementor-widget-container\">\n<h2 class=\"elementor-heading-title elementor-size-default\" style=\"text-align: center;\"><strong><i>Campylobacter jejuni<\/i><\/strong><\/h2>\n<\/div>\n<\/div>\n<div class=\"elementor-element elementor-element-9630058 elementor-widget elementor-widget-heading\" data-id=\"9630058\" data-element_type=\"widget\" data-widget_type=\"heading.default\">\n<div class=\"elementor-widget-container\">\n<h4 class=\"elementor-heading-title elementor-size-default\"><strong>Dr. Rafael Garc\u00eda Gonz\u00e1lez \/ Dr. Jos\u00e9 Molina L\u00f3pez<\/strong><br \/><strong>Departamento de Microbiolog\u00eda y Parasitolog\u00eda<\/strong><br \/><strong>Facultad de Medicina, UNAM.<\/strong><\/h4>\n<\/div>\n<\/div>\n<\/div>\n<\/div>\n<\/div>\n<\/div>\n<\/div>\n<\/section>\n<p>[\/et_pb_text][\/et_pb_column][\/et_pb_row][\/et_pb_section][et_pb_section fb_built=\u00bb1&#8243; _builder_version=\u00bb4.4.2&#8243; custom_padding=\u00bb0px|||||\u00bb][et_pb_row _builder_version=\u00bb4.4.2&#8243;][et_pb_column _builder_version=\u00bb4.4.2&#8243; type=\u00bb4_4&#8243;][et_pb_text _builder_version=\u00bb4.4.2&#8243; hover_enabled=\u00bb0&#8243;]<\/p>\n<h4 style=\"text-align: justify;\"><strong>INTRODUCCI\u00d3N<\/strong><\/h4>\n<h4 style=\"text-align: justify;\"><em>Campylobacter<span>\u00a0<\/span><\/em>es un bacilo gramnegativo en forma de espiral, agente causal de campilobacteriosis humana, que representa un problema de salud a nivel mundial. La enfermedad se caracteriza por una diarrea acuosa o inflamatoria, con fiebre y dolor abdominal. Como complicaciones presenta los s\u00edndromes de: Reiter, de Guillain-Barr\u00e9 y del colon irritable. Las especies<span>\u00a0<\/span><em>Campylobacter \u00a0jejuni<span>\u00a0<\/span><\/em>y<span>\u00a0<\/span><em>Campylobacter \u00a0coli<span>\u00a0<\/span><\/em>son zoon\u00f3ticas y los humanos son infectados por ingerir alimentos (leche no pasteurizada, carne mal cocida) y agua contaminada. El estudio de<span>\u00a0<\/span><em>Campylobacter<span>\u00a0<\/span><\/em>es de suma importancia ya que es necesario comprender varios aspectos de su patog\u00e9nesis para mejorar la prevenci\u00f3n y el manejo de las infecciones por este g\u00e9nero bacteriano y de esta manera deje de ser un problema de salud a nivel mundial.<\/h4>\n<h4 style=\"text-align: justify;\">\u00a0<\/h4>\n<h4 style=\"text-align: justify;\"><strong>CLASIFICACI\u00d3N Y CARACTER\u00cdSTICAS GENERALES<\/strong>.<\/h4>\n<h4 style=\"text-align: justify;\">Seg\u00fan la segunda edici\u00f3n del Manual de Bergey de Bacteriolog\u00eda Sistem\u00e1tica, el g\u00e9nero<span>\u00a0<\/span><em>Campylobacter<\/em>, forma parte de las \u03b5-proteobacterias, orden\u00a0<em>Campylobacterales<\/em>, Familia<span>\u00a0<\/span><em>Campylobacteriaceae<span>\u00a0<\/span><\/em>con 25 especies. Los miembros del g\u00e9nero<span>\u00a0<\/span><em>Campylobacter<span>\u00a0<\/span><\/em>son bacilos gramnegativos, curvos, en forma de \u201cS\u201d o espirales cuyo tama\u00f1o promedio es de 0.5 \u00b5m de ancho y 4 \u00b5m de largo. Presenta movilidad debido a la presencia de un solo flagelo en uno o en ambos polos. Estas bacterias son microaerof\u00edlicas aunque algunas cepas de<span>\u00a0<\/span><em>Campylobacter \u00a0<\/em>pueden crecer aer\u00f3bica y anaer\u00f3bicamente.<\/h4>\n<h4 style=\"text-align: justify;\"><em>Campylobacter<span>\u00a0<\/span><\/em>pueden tener forma cocos si se encuentran bajo estr\u00e9s, tal parece que un posible papel de estas formas, es proteger a los bacilos en forma de espiral que se encuentran en las capas m\u00e1s profundas de una biopel\u00edcula o tambi\u00e9n tiene que ver con la adaptaci\u00f3n bacteriana al cambio de las condiciones ambientales.<\/h4>\n<h4 style=\"text-align: justify;\">Las especies<span>\u00a0<\/span><em>Campylobacter coli y Campylobacter<span>\u00a0<\/span><\/em>\u00a0<em>jejuni<span>\u00a0<\/span><\/em>son hemof\u00edlicas y pueden crecer a 42\u00b0C.<\/h4>\n<h4 style=\"text-align: justify;\">\u00a0<\/h4>\n<h4 style=\"text-align: justify;\"><strong>EPIDEMIOLOG\u00cdA.<\/strong><\/h4>\n<h4 style=\"text-align: justify;\">Las infecciones por\u00a0<em>Campylobacter\u00a0<\/em>son zoon\u00f3ticas y \u00a0comunes en pa\u00edses tanto desarrollados como subdesarrollados. Usualmente son espor\u00e1dicas, principalmente en los meses de verano y oto\u00f1o, debido al consumo de alimentos contaminados provenientes de aves.<\/h4>\n<h4 style=\"text-align: justify;\">Cuando existen brotes, se han presentado en primavera y oto\u00f1o y las causas son agua, alimentos de origen animal, productos l\u00e1cteos no pasteurizados. Tal parece que en la naturaleza\u00a0<em>Campylobacter\u00a0<\/em>puede mantenerse dentro de amibas sapr\u00f3fitas y en un estado viable no cultivable.<\/h4>\n<h4 style=\"text-align: justify;\">En E.U.A., la incidencia es mayor en dos grupos de edad; ni\u00f1os menores de 4 a\u00f1os y sujetos de 15 a 39 a\u00f1os. En pa\u00edses subdesarrollados, la incidencia es mayor y la bacteria puede ser aislada en individuos asintom\u00e1ticos y sintom\u00e1ticos, \u00e9stos \u00faltimos son ni\u00f1os menores de 2 a\u00f1os principalmente.<\/h4>\n<h4 style=\"text-align: justify;\">\u00a0<\/h4>\n<h4 style=\"text-align: justify;\"><strong>INFECCI\u00d3N ZOON\u00d3TICA.<\/strong><\/h4>\n<h4 style=\"text-align: justify;\">Muchas especies de<span>\u00a0<\/span><em>Campylobacter \u00a0<\/em>tienen como reservorio a diferentes animales (vacas, borregos, puercos, p\u00e1jaros, aves, roedores). Los pollos son colonizados por esta bacteria y generalmente no les causa da\u00f1o. Los humanos son los \u00fanicos reservorios reconocidos para las especies<span>\u00a0<\/span><em>C<\/em>ampylobacter<span>\u00a0<\/span><em>concisus, C<\/em><em>ampylobacte<\/em>r<span>\u00a0<\/span><em>rectus, Campylobacter curvus<span>\u00a0<\/span><\/em>y<span>\u00a0<\/span><em>Campylobacter<\/em><span>\u00a0<\/span><em>showae<\/em><span>\u00a0<\/span>asociadas a enfermedad periodontal.<\/h4>\n<h4 style=\"text-align: justify;\">\u00a0<\/h4>\n<h4 style=\"text-align: justify;\"><strong>FACTORES DE PATOGENICIDAD.<\/strong><\/h4>\n<h4 style=\"text-align: justify;\">Se ha reportado que en promedio 10 mil bacterias pueden causar infecci\u00f3n que cursa con un proceso inflamatorio agudo localizado en intestino delgado y grueso, requiriendo para esto, que se lleve a cabo la adherencia de la bacteria e invasi\u00f3n \u00a0del enterocito, ocasionando un cuadro diarreico. Una gran variedad de factores de virulencia de<span>\u00a0<\/span><em>C<span>\u00a0<\/span><\/em>j<em>ejuni<span>\u00a0<\/span><\/em>pueden estar involucrados: Adhesinas (CadF, Peb1, prote\u00ednas de membrana externa, lipooligosac\u00e1rido, flagelina, JlpA, CapA, Cj1496c); Prote\u00ednas involucradas en invasividad (CadF, CiaB, Cjp29, Udg, Hom\u00f3logos de ComB3 y VirB11, la flagelina, CapA); prote\u00edna glicosiladas; toxinas como la CDT (toxina distendante citoletal) y la toxina semejante a toxina termol\u00e1bil (LT) de<span>\u00a0<\/span><em>Escherichia coli<span>\u00a0<\/span><\/em>y la toxina col\u00e9rica; pl\u00e1smido de virulencia (solo detectado en algunas cepas) y la catalasa. La adquisici\u00f3n de fierro tambi\u00e9n es importante para la colonizaci\u00f3n.<span>\u00a0<\/span><em>C. fetus<span>\u00a0<\/span><\/em>subsp<span>\u00a0<\/span><em>fetus<span>\u00a0<\/span><\/em>produce una microc\u00e1psula proteica que es esencial en la virulencia, mientras<span>\u00a0<\/span><em>C. jejuni<span>\u00a0<\/span><\/em>posee una c\u00e1psula polisac\u00e1rida.<\/h4>\n<h4 style=\"text-align: justify;\"><strong>\u00a0<\/strong><\/h4>\n<h4 style=\"text-align: justify;\"><strong>ENFERMEDADES ASOCIADAS.<\/strong><\/h4>\n<h4 style=\"text-align: justify;\"><em style=\"font-size: 18px;\">E.coli\u00a0<\/em><span style=\"font-size: 18px;\">y<\/span><span style=\"font-size: 18px;\">\u00a0<\/span><em style=\"font-size: 18px;\">C. jejuni\u00a0<\/em><span style=\"font-size: 18px;\">son las especies que con mayor frecuencia causan gastroenteritis (campilobacteriosis) en humanos. Despu\u00e9s de un periodo de incubaci\u00f3n de 1-7 d\u00edas, los pacientes pueden tener fiebre, dolor abdominal y diarrea (con o sin sangre o leucocitos) y la duraci\u00f3n de la infecci\u00f3n es de varios d\u00edas a m\u00e1s de una semana. La enfermedad es autolimitante. Se han reportado complicaciones como bacteriemia, hepatitis, colecistitis, pancreatitis, aborto y sepsis neonatal, nefritis, prostatitis, infecciones de v\u00edas urinarias, peritonitis, miocarditis, meningitis, artritis s\u00e9ptica, abscesos, s\u00edndrome de Reiter y el s\u00edndrome de colon irritable.<\/span><\/h4>\n<h4 style=\"text-align: justify;\">La infecci\u00f3n por<span>\u00a0<\/span><em>C. jejuni<span>\u00a0<\/span><\/em>puede dar lugar a otra complicaci\u00f3n, el s\u00edndrome de Guillain Barr\u00e9, la cual es una polirad\u00edculoneuritis paralizante. Ciertos serotipos est\u00e1n relacionados con esta complicaci\u00f3n debido a que presentan en la regi\u00f3n \u201ccore\u201d del lipooligosac\u00e1rido, epitopos semejantes a gangli\u00f3sidos y son reconocidos por la respuesta inmune del hospedero, lo que da como resultado un fen\u00f3meno de\u00a0 autoinmunidad, que explica las caracter\u00edsticas cl\u00ednicas de esta enfermedad.<\/h4>\n<h4 style=\"text-align: justify;\">En la tabla 1 se muestran otras especies de<span>\u00a0<\/span><em>Campylobacter<span>\u00a0<\/span><\/em>que causan infecciones en el humano as\u00ed como el tipo de \u00e9stas.<\/h4>\n<h4 style=\"text-align: justify;\"><strong>\u00a0<\/strong><\/h4>\n<h4 style=\"text-align: justify;\"><strong>DIAGN\u00d3STICO DE LAS CAMPILOBACTERIOSIS.<\/strong><\/h4>\n<h4 style=\"text-align: justify;\">En el caso de gastroenteritis por<span>\u00a0<\/span><em>Campylobacter,<span>\u00a0<\/span><\/em>se recomienda emplear una muestra de heces o hisopado rectal, este \u00faltimo transportado en medio de Stuart modificado o de Cary Blair.<\/h4>\n<h4 style=\"text-align: justify;\"><u>Tabla 1. Especies de<span>\u00a0<\/span><em>Campylobacter<span>\u00a0<\/span><\/em>que causan infecciones en el hombre<\/u><\/h4>\n<table>\n<tbody>\n<tr>\n<td width=\"168\">\n<h4><b>Especie<\/b><\/h4>\n<\/td>\n<td width=\"431\">\n<h4><b>Infecciones<\/b><\/h4>\n<\/td>\n<\/tr>\n<tr>\n<td width=\"168\">\n<h4><em>C fetus subsp fetus<\/em><\/h4>\n<\/td>\n<td width=\"431\">\n<h4>Bacteriemia e infecciones intestinales e extraintestinales en pacientes inmunocomprometidos (aborto s\u00e9ptico, artritis, abscesos, meningitis, endocarditis)<\/h4>\n<\/td>\n<\/tr>\n<tr>\n<td width=\"168\">\n<h4><em>C upsaliensis<\/em><\/h4>\n<\/td>\n<td width=\"431\">\n<h4>Diarrea, bacteriemia.<\/h4>\n<\/td>\n<\/tr>\n<tr>\n<td width=\"168\">\n<h4><em>C laris<\/em><\/h4>\n<\/td>\n<td width=\"431\">\n<h4>Diarrea, bacteriemia, infecciones de v\u00edas urinarias.<\/h4>\n<\/td>\n<\/tr>\n<tr>\n<td width=\"168\">\n<h4><em>C jejuni subsp doylei<\/em><\/h4>\n<\/td>\n<td width=\"431\">\n<h4>Infecciones del tracto gastrointestinal.<\/h4>\n<\/td>\n<\/tr>\n<tr>\n<td width=\"168\">\n<h4><em>C hyointestinalis<\/em><\/h4>\n<\/td>\n<td width=\"431\">\n<h4>Proctitis y diarrea.<\/h4>\n<\/td>\n<\/tr>\n<tr>\n<td width=\"168\">\n<h4><em>C concisus<\/em><\/h4>\n<\/td>\n<td width=\"431\">\n<h4>Enfermedad periodontal, bacteriemia y diarrea.<\/h4>\n<\/td>\n<\/tr>\n<tr>\n<td width=\"168\">\n<h4><em>C sputorum<\/em><\/h4>\n<\/td>\n<td width=\"431\">\n<h4>Abscesos; pulmonar, axilar y escrotales.<\/h4>\n<\/td>\n<\/tr>\n<tr>\n<td width=\"168\">\n<h4><em>C rectus<\/em><\/h4>\n<\/td>\n<td width=\"431\">\n<h4>Infecci\u00f3n periodontal y absceso de mama.<\/h4>\n<\/td>\n<\/tr>\n<tr>\n<td width=\"168\">\n<h4><em>C curvus<\/em><\/h4>\n<\/td>\n<td width=\"431\">\n<h4>Infecci\u00f3n periodontal, diarrea y absceso hep\u00e1tico.<\/h4>\n<\/td>\n<\/tr>\n<tr>\n<td width=\"168\">\n<h4><em>C gracilis<\/em><\/h4>\n<\/td>\n<td width=\"431\">\n<h4>Apendicitis, peritonitis y bacteriemia.<\/h4>\n<\/td>\n<\/tr>\n<\/tbody>\n<\/table>\n<h4 style=\"text-align: justify;\"><strong>EXAMEN DIRECTO.<\/strong><\/h4>\n<h4 style=\"text-align: justify;\"><strong style=\"font-size: 18px;\"><\/strong><\/h4>\n<h4 style=\"text-align: justify;\"><strong style=\"font-size: 18px;\">a) Microscopia.<\/strong><\/h4>\n<h4 style=\"text-align: justify;\">Aunque no se realiza rutinariamente la tinci\u00f3n de Gram a partir de heces, se considera que es un m\u00e9todo r\u00e1pido y sensible para el diagn\u00f3stico presuntivo de<span>\u00a0<\/span><em>Campylobacter<\/em>\u00a0 debido a se puede observar la morfolog\u00eda microsc\u00f3pica caracter\u00edstica que presenta.<\/h4>\n<h4 style=\"text-align: justify;\"><strong style=\"font-size: 18px;\"><\/strong><\/h4>\n<h4 style=\"text-align: justify;\"><strong style=\"font-size: 18px;\">b) Detecci\u00f3n de ant\u00edgeno<\/strong><\/h4>\n<h4 style=\"text-align: justify;\">El inmunoensayo comercial (ProSpecT<span>\u00a0<\/span><em>Campylobacter<\/em>) detecta<span>\u00a0<\/span><em>Campylobacter \u00a0<\/em>en muestras de heces.<\/h4>\n<h4 style=\"text-align: justify;\"><strong style=\"font-size: 18px;\"><\/strong><\/h4>\n<h4 style=\"text-align: justify;\"><strong style=\"font-size: 18px;\">c) T\u00e9cnicas de detecci\u00f3n de \u00e1cidos nucleicos<\/strong><\/h4>\n<h4 style=\"text-align: justify;\">Se han empleado PCR m\u00faltiple y PCR para detectar<span>\u00a0<\/span><em>C. coli<span>\u00a0<\/span><\/em>y<span>\u00a0<\/span><em>C. jejuni<span>\u00a0<\/span><\/em>en heces y en pollos, respectivamente.<\/h4>\n<h4 style=\"text-align: justify;\"><strong>\u00a0<\/strong><\/h4>\n<h4 style=\"text-align: justify;\"><strong>AISLAMIENTO DE<span>\u00a0<\/span><em>Campylobacter.<\/em><\/strong><\/h4>\n<h4 style=\"text-align: justify;\">Para el aislamiento de<span>\u00a0<\/span><em>C. jejuni<span>\u00a0<\/span><\/em>y<span>\u00a0<\/span><em>C. coli<span>\u00a0<\/span><\/em>a partir de heces se emplean medios selectivos como son el CCDA (Agar carb\u00f3n desoxicolato cefoporazona), CSM (medio selectivo basado en<span>\u00a0<\/span><em>Campylobacter<\/em>), Campy-CVA, Campy Bap y medio de Skirrow. Para algunas cepas, la cefalotina, colistina y polimixina B, son inhibitorios. Estos medios se deben incubar en condiciones microaerof\u00edlicas durante un m\u00ednimo 72 horas a 42\u00b0C. Para<span>\u00a0<\/span><em>C. upsaliensis<span>\u00a0<\/span><\/em>se usa el medio CAT que tiene carb\u00f3n, cefoperazona, anfotericina aunque algunas cepas no desarrollan. Algunas especies (<em>C. sputorum, C. concisus, C.<\/em><span>\u00a0<\/span><em>mucosalis, C. curvus, C. rectus y C. hyointestinalis<\/em>) requieren concentraciones de hidr\u00f3geno mayores a las alcanzadas en un ambiente microaerof\u00edlico (6%).<\/h4>\n<h4 style=\"text-align: justify;\"><strong>\u00a0<\/strong><\/h4>\n<h4 style=\"text-align: justify;\"><strong>IDENTIFICACI\u00d3N.<\/strong><\/h4>\n<h4 style=\"text-align: justify;\">En general<span>\u00a0<\/span><em>Campylobacter<span>\u00a0<\/span><\/em>produce colonias peque\u00f1as gris\u00e1ceas, planas, irregulares y tienden a diseminarse, si la humedad disminuye son redondas, convexas y brillantes. Las cepas aisladas en medio selectivo son bacilos curvos,<\/h4>\n<h4 style=\"text-align: justify;\">gramnegativos, m\u00f3viles que crecen a 42\u00b0C, oxidasas positivas e hidrolizan el hipurato (reacci\u00f3n positiva) siendo identificadas como<span>\u00a0<\/span><em>C. jejuni<span>\u00a0<\/span><\/em>subsp<span>\u00a0<\/span><em>jejuni;<span>\u00a0<\/span><\/em>con excepci\u00f3n de esta \u00faltima prueba,<span>\u00a0<\/span><em>C.<\/em><span>\u00a0<\/span><em>coli<span>\u00a0<\/span><\/em>y<span>\u00a0<\/span><em>C. jejuni<span>\u00a0<\/span><\/em>son bioqu\u00edmicamente similares y se necesitar\u00edan m\u00e9todos de biolog\u00eda molecular para hacer la identificaci\u00f3n, sobre todo cuando hay cepas de<span>\u00a0<\/span><em>C. jejuni<span>\u00a0<\/span><\/em>subsp<span>\u00a0<\/span><em>jejuni<span>\u00a0<\/span><\/em>que no hidrolizan el hipurato.<\/h4>\n<h4 style=\"text-align: justify;\">Para especies diferentes a<span>\u00a0<\/span><em>C. coli<span>\u00a0<\/span><\/em>y<span>\u00a0<\/span><em>C. jejuni<span>\u00a0<\/span><\/em>se llevan a cabo las siguientes pruebas: Crecimiento a 25. 37 y 42\u00b0C, catalasa, hidr\u00f3lisis de hipurato y indoxil acetato y producci\u00f3n de H<strong><sub>2<\/sub><\/strong>S. En la tabla 2 se presentan las caracter\u00edsticas fenot\u00edpicas de las especies de<span>\u00a0<\/span><em>Campylobacter<span>\u00a0<\/span><\/em>de importancia m\u00e9dica<em>.<\/em><\/h4>\n<h4 style=\"text-align: justify;\">Existen pruebas comerciales que sirven para la identificaci\u00f3n de g\u00e9nero como son la INDX Campy JCL, la prueba de l\u00e1tex de mancha seca de<span>\u00a0<\/span><em>Campylobacter<\/em>, y pruebas de biolog\u00eda molecular como es la hibridaci\u00f3n usando como sonda secuencias de rRNA. Los m\u00e9todos fenot\u00edpicos que se han aplicado para la tipificaci\u00f3n en<span>\u00a0<\/span><em>Campylobacter<span>\u00a0<\/span><\/em>son: la biotipificaci\u00f3n, la fagotipificaci\u00f3n y la serotipificaci\u00f3n, este \u00faltimo es el m\u00e1s usado y existen de \u00e9l dos esquemas. Entre los m\u00e9todos moleculares de subtipificaci\u00f3n \u00a0se encuentran: el an\u00e1lisis de enzimas de restricci\u00f3n, ribotipificaci\u00f3n, t\u00e9cnicas basadas en PCR, electroforesis en gel de campos pulsados de DNA cromos\u00f3mico macrorestingido, polimorfismo de longitud del fragmento amplificado, la tipificaci\u00f3n de la secuencia multilocus y la genotipificaci\u00f3n basada en microarreglos.<\/h4>\n<h4 style=\"text-align: justify;\"><strong>\u00a0<\/strong><\/h4>\n<h4 style=\"text-align: justify;\"><strong>TRATAMIENTO.<\/strong><\/h4>\n<h4 style=\"text-align: justify;\">La mayor\u00eda de las gastroenteritis por<span>\u00a0<\/span><em>Campylobacter<span>\u00a0<\/span><\/em>son autolimitantes y no requieren de tratamiento con antibi\u00f3ticos, solamente terapia hidratante. Sin embargo, en casos severos o recurrentes, o en personas inmunocomprometidas es indispensable prescribir antibi\u00f3ticos.\u00a0 La eritromicina y azitromicina, son los antibi\u00f3ticos de elecci\u00f3n, tambi\u00e9n puede emplearse ciprofloxacina o norfloxacina. Sin embargo, debido al aumento de resistencia a varios antibi\u00f3ticos, se recomienda hacer pruebas de susceptibilidad y los m\u00e9todos aprobados son; la diluci\u00f3n en placa y la microdiluci\u00f3n, tambi\u00e9n se ha descrito una t\u00e9cnica de difusi\u00f3n en disco y los m\u00e9todos genot\u00edpicos.<\/h4>\n<h4 style=\"text-align: justify;\">La terapia parenteral es utilizada para tratar infecciones sist\u00e9micas por<span>\u00a0<\/span><em>C. fetus<span>\u00a0<\/span><\/em>y los antibi\u00f3ticos recomendados son eritromicina, ampicilina, aminogluc\u00f3sidos, cloranfenicol dependiendo del tipo de infecci\u00f3n.<\/h4>\n<h4 style=\"text-align: justify;\">\u00a0<\/h4>\n<p>[\/et_pb_text][\/et_pb_column][\/et_pb_row][\/et_pb_section][et_pb_section fb_built=\u00bb1&#8243; _builder_version=\u00bb4.4.2&#8243; custom_margin=\u00bb-66px|||||\u00bb min_height=\u00bb512px\u00bb][et_pb_row _builder_version=\u00bb4.4.2&#8243; custom_margin=\u00bb-50px|auto||auto||\u00bb][et_pb_column _builder_version=\u00bb4.4.2&#8243; type=\u00bb4_4&#8243;][et_pb_text _builder_version=\u00bb4.4.2&#8243; hover_enabled=\u00bb0&#8243;]<\/p>\n<p><strong>LECTURAS RECOMENDADAS.<\/strong><\/p>\n<ul>\n<li>Beilei G, F Wang, M Sj\u00f6lund-Karlsson and PF. McDermott. 2013.Antimicrobial resistance in<span>\u00a0<\/span><em>Campylobacter<\/em>: Susceptibility testing methods and resistance trends. J Microbiol Methods. 95:57-67.<\/li>\n<\/ul>\n<ul>\n<li>Dasti JI, TA Malik , R lugert, AE Zautner and U GroB. 2010.<span>\u00a0<\/span><em>Campylobacter jejuni<\/em>: A brief overview on pathogenicity-associated factors and disease-mediating mechanisms. IJMM. 3300:205-211.\u00a0<\/li>\n<li>Escamilla-Guti\u00e9rrez A, E Escamilla-Avil\u00e9s y PI. Cauich-S\u00e1nchez.2003. B\u00fasqueda y desarrollo de un medio cromog\u00e9nico para el diagn\u00f3stico de la campilobacteriosis. Tesis de licenciatura. E.N.C.B., I.P.N.\u00a0<\/li>\n<li>Escamilla-Guti\u00e9rrez A, PI Cauich-S\u00e1nchez, RM Ribas-Jaimes.2005.Determinaci\u00f3n de factores de virulencia en cepas de<span>\u00a0<\/span><em>Campylobacter<span>\u00a0<\/span><\/em>spp- por m\u00e9todos moleculares y cultivos celulares. Tesis de maestr\u00eda. EN.C.B.I.P.N.<\/li>\n<li>Fitzgerald C and I Nachamkin. 2012.<span>\u00a0<\/span><em>Campylobacter<span>\u00a0<\/span><\/em>y<span>\u00a0<\/span><em>Arcobacter<\/em>.p933-946. In: Murray PR (Ed). Manual of Clinical Micro biology.10th ed. ASM Press, Washington, D.C.\u00a0<\/li>\n<li>Guerry P, F Poly, R Mark, AC Maue,YH Chen and MA Monteiro.2012.<em>Campylobacter<span>\u00a0<\/span><\/em>polysaccharide capsules: virulence and vaccines. Front Cell Infect Microbiol.2:1-11.<\/li>\n<\/ul>\n<p>[\/et_pb_text][\/et_pb_column][\/et_pb_row][\/et_pb_section]<\/p>\n","protected":false},"excerpt":{"rendered":"<p>Bacteriolog\u00eda Campylobacter jejuni Dr. Rafael Garc\u00eda Gonz\u00e1lez \/ Dr. Jos\u00e9 Molina L\u00f3pezDepartamento de Microbiolog\u00eda y Parasitolog\u00edaFacultad de Medicina, UNAM. INTRODUCCI\u00d3N Campylobacter\u00a0es un bacilo gramnegativo en forma de espiral, agente causal de campilobacteriosis humana, que representa un problema de salud a nivel mundial. La enfermedad se caracteriza por una diarrea acuosa o inflamatoria, con fiebre y [&hellip;]<\/p>\n","protected":false},"author":3,"featured_media":0,"parent":0,"menu_order":0,"comment_status":"closed","ping_status":"closed","template":"","meta":{"_et_pb_use_builder":"on","_et_pb_old_content":"","_et_gb_content_width":"","footnotes":""},"class_list":["post-2276","page","type-page","status-publish","hentry"],"jetpack_sharing_enabled":true,"_links":{"self":[{"href":"https:\/\/microypara.facmed.unam.mx\/index.php\/wp-json\/wp\/v2\/pages\/2276","targetHints":{"allow":["GET"]}}],"collection":[{"href":"https:\/\/microypara.facmed.unam.mx\/index.php\/wp-json\/wp\/v2\/pages"}],"about":[{"href":"https:\/\/microypara.facmed.unam.mx\/index.php\/wp-json\/wp\/v2\/types\/page"}],"author":[{"embeddable":true,"href":"https:\/\/microypara.facmed.unam.mx\/index.php\/wp-json\/wp\/v2\/users\/3"}],"replies":[{"embeddable":true,"href":"https:\/\/microypara.facmed.unam.mx\/index.php\/wp-json\/wp\/v2\/comments?post=2276"}],"version-history":[{"count":4,"href":"https:\/\/microypara.facmed.unam.mx\/index.php\/wp-json\/wp\/v2\/pages\/2276\/revisions"}],"predecessor-version":[{"id":2282,"href":"https:\/\/microypara.facmed.unam.mx\/index.php\/wp-json\/wp\/v2\/pages\/2276\/revisions\/2282"}],"wp:attachment":[{"href":"https:\/\/microypara.facmed.unam.mx\/index.php\/wp-json\/wp\/v2\/media?parent=2276"}],"curies":[{"name":"wp","href":"https:\/\/api.w.org\/{rel}","templated":true}]}}