{"id":2775,"date":"2020-09-17T22:00:43","date_gmt":"2020-09-17T22:00:43","guid":{"rendered":"http:\/\/liceaga.facmed.unam.mx\/deptos\/myp_2020\/?page_id=2775"},"modified":"2026-04-05T23:03:59","modified_gmt":"2026-04-05T23:03:59","slug":"asignatura","status":"publish","type":"page","link":"https:\/\/microypara.facmed.unam.mx\/index.php\/asignatura\/","title":{"rendered":"Asignatura"},"content":{"rendered":"<p>[et_pb_section fb_built=\u00bb1&#8243; fullwidth=\u00bbon\u00bb _builder_version=\u00bb4.16&#8243; global_colors_info=\u00bb{}\u00bb][et_pb_fullwidth_header title=\u00bbDatos Generales de la Asignatura\u00bb _builder_version=\u00bb4.25.1&#8243; title_font=\u00bbRoboto|700|||||||\u00bb title_text_align=\u00bbcenter\u00bb title_text_color=\u00bb#2D2D2D\u00bb title_font_size=\u00bb29px\u00bb background_color=\u00bbRGBA(255,255,255,0)\u00bb background_enable_image=\u00bboff\u00bb hover_enabled=\u00bb0&#8243; global_colors_info=\u00bb{}\u00bb sticky_enabled=\u00bb0&#8243; custom_padding=\u00bb9px||0px|||\u00bb][\/et_pb_fullwidth_header][\/et_pb_section][et_pb_section fb_built=\u00bb1&#8243; _builder_version=\u00bb4.25.1&#8243; _module_preset=\u00bbdefault\u00bb global_colors_info=\u00bb{}\u00bb][et_pb_row column_structure=\u00bb2_5,3_5&#8243; _builder_version=\u00bb4.25.1&#8243; _module_preset=\u00bbdefault\u00bb global_colors_info=\u00bb{}\u00bb][et_pb_column type=\u00bb2_5&#8243; _builder_version=\u00bb4.25.1&#8243; _module_preset=\u00bbdefault\u00bb global_colors_info=\u00bb{}\u00bb][et_pb_image src=\u00bbhttps:\/\/microypara.facmed.unam.mx\/wp-content\/uploads\/2024\/06\/descarga.png\u00bb title_text=\u00bbdescarga\u00bb align=\u00bbcenter\u00bb _builder_version=\u00bb4.25.1&#8243; _module_preset=\u00bbdefault\u00bb global_colors_info=\u00bb{}\u00bb][\/et_pb_image][\/et_pb_column][et_pb_column type=\u00bb3_5&#8243; _builder_version=\u00bb4.25.1&#8243; _module_preset=\u00bbdefault\u00bb global_colors_info=\u00bb{}\u00bb][et_pb_text _builder_version=\u00bb4.25.1&#8243; _module_preset=\u00bbdefault\u00bb text_font=\u00bbRoboto||||||||\u00bb text_text_color=\u00bb#2D2D2D\u00bb text_font_size=\u00bb26px\u00bb hover_enabled=\u00bb0&#8243; global_colors_info=\u00bb{}\u00bb header_font=\u00bbRoboto||||||||\u00bb header_text_color=\u00bb#2D2D2D\u00bb sticky_enabled=\u00bb0&#8243;]<\/p>\n<h5 class=\"p1\" style=\"text-align: justify;\"><span style=\"font-size: large;\"><strong>Coordinaci\u00f3n:<\/strong> Departamento de Microbiolog\u00eda y Parasitolog\u00eda<span class=\"Apple-converted-space\">\u00a0<\/span><\/span><\/h5>\n<h5 class=\"p1\" style=\"text-align: justify;\"><span style=\"font-size: large;\"><strong>\u00c1rea de la Asignatura:<\/strong> Biom\u00e9dicas<span class=\"Apple-converted-space\">\u00a0<\/span><\/span><\/h5>\n<h5 class=\"p1\" style=\"text-align: justify;\"><span style=\"font-size: large;\"><strong>Ubicaci\u00f3n curricular:<\/strong> Segundo a\u00f1o (Tercero y Cuarto Semestre)<\/span><\/h5>\n<h5 class=\"p1\" style=\"text-align: justify;\"><span style=\"font-size: large;\"><strong>Duraci\u00f3n:<\/strong> Anual<span class=\"Apple-converted-space\">\u00a0<\/span><\/span><\/h5>\n<h5 class=\"p1\" style=\"text-align: justify;\"><span style=\"font-size: large;\"><strong>N\u00famero de horas:<\/strong> 204 (Teor\u00eda: 102 y Pr\u00e1ctica: 102)<span class=\"Apple-converted-space\">\u00a0<\/span><\/span><\/h5>\n<h5 class=\"p1\" style=\"text-align: justify;\"><span style=\"font-size: large;\"><strong>Cr\u00e9ditos:<\/strong> 17<span class=\"Apple-converted-space\">\u00a0<\/span><\/span><\/h5>\n<h5 class=\"p1\" style=\"text-align: justify;\"><span style=\"font-size: large;\"><strong>Car\u00e1cter:<\/strong> Obligatorio<span class=\"Apple-converted-space\">\u00a0<\/span><\/span><\/h5>\n<h5 class=\"p1\" style=\"text-align: justify;\"><span style=\"font-size: large;\"><strong>Clave:<\/strong> 1231<span class=\"Apple-converted-space\">\u00a0<\/span><\/span><\/h5>\n<h5 class=\"p1\" style=\"text-align: justify;\"><span style=\"font-size: large;\">Esta asignatura se encuentra ubicada en el \u00e1rea biom\u00e9dica, en el segundo a\u00f1o de la carrera de M\u00e9dico Cirujano, del Plan de estudios 2010. El curso introduce al alumno al conocimiento de la relaci\u00f3n hu\u00e9sped-par\u00e1sito.<span class=\"Apple-converted-space\">\u00a0<\/span><\/span><\/h5>\n<h5 class=\"p1\" style=\"text-align: justify;\"><span style=\"font-size: large;\">La materia pretende que el alumno integre los conocimientos de Bacteriolog\u00eda, Virolog\u00eda, Micolog\u00eda y Parasitolog\u00eda, y a su vez relacionarlos con las materias del primer y segundo a\u00f1o, para una mejor comprensi\u00f3n del da\u00f1o que puede ocasionarle al hu\u00e9sped.<\/span><\/h5>\n<p>[\/et_pb_text][\/et_pb_column][\/et_pb_row][\/et_pb_section]<\/p>\n","protected":false},"excerpt":{"rendered":"<p>Coordinaci\u00f3n: Departamento de Microbiolog\u00eda y Parasitolog\u00eda\u00a0 \u00c1rea de la Asignatura: Biom\u00e9dicas\u00a0 Ubicaci\u00f3n curricular: Segundo a\u00f1o (Tercero y Cuarto Semestre) Duraci\u00f3n: Anual\u00a0 N\u00famero de horas: 204 (Teor\u00eda: 102 y Pr\u00e1ctica: 102)\u00a0 Cr\u00e9ditos: 17\u00a0 Car\u00e1cter: Obligatorio\u00a0 Clave: 1231\u00a0 Esta asignatura se encuentra ubicada en el \u00e1rea biom\u00e9dica, en el segundo a\u00f1o de la carrera de M\u00e9dico Cirujano, [&hellip;]<\/p>\n","protected":false},"author":3,"featured_media":0,"parent":0,"menu_order":0,"comment_status":"closed","ping_status":"closed","template":"","meta":{"_et_pb_use_builder":"on","_et_pb_old_content":"","_et_gb_content_width":"","footnotes":""},"class_list":["post-2775","page","type-page","status-publish","hentry"],"jetpack_sharing_enabled":true,"_links":{"self":[{"href":"https:\/\/microypara.facmed.unam.mx\/index.php\/wp-json\/wp\/v2\/pages\/2775","targetHints":{"allow":["GET"]}}],"collection":[{"href":"https:\/\/microypara.facmed.unam.mx\/index.php\/wp-json\/wp\/v2\/pages"}],"about":[{"href":"https:\/\/microypara.facmed.unam.mx\/index.php\/wp-json\/wp\/v2\/types\/page"}],"author":[{"embeddable":true,"href":"https:\/\/microypara.facmed.unam.mx\/index.php\/wp-json\/wp\/v2\/users\/3"}],"replies":[{"embeddable":true,"href":"https:\/\/microypara.facmed.unam.mx\/index.php\/wp-json\/wp\/v2\/comments?post=2775"}],"version-history":[{"count":7,"href":"https:\/\/microypara.facmed.unam.mx\/index.php\/wp-json\/wp\/v2\/pages\/2775\/revisions"}],"predecessor-version":[{"id":6197,"href":"https:\/\/microypara.facmed.unam.mx\/index.php\/wp-json\/wp\/v2\/pages\/2775\/revisions\/6197"}],"wp:attachment":[{"href":"https:\/\/microypara.facmed.unam.mx\/index.php\/wp-json\/wp\/v2\/media?parent=2775"}],"curies":[{"name":"wp","href":"https:\/\/api.w.org\/{rel}","templated":true}]}}