{"id":3134,"date":"2020-11-10T01:35:20","date_gmt":"2020-11-10T01:35:20","guid":{"rendered":"https:\/\/microypara.facmed.unam.mx\/?page_id=3134"},"modified":"2025-11-06T16:11:56","modified_gmt":"2025-11-06T16:11:56","slug":"sitio-web","status":"publish","type":"page","link":"https:\/\/microypara.facmed.unam.mx\/index.php\/sitio-web\/","title":{"rendered":"Sitio Web"},"content":{"rendered":"<p>[et_pb_section fb_built=\u00bb1&#8243; bg_img_1=\u00bbhttps:\/\/microypara.facmed.unam.mx\/wp-content\/uploads\/2020\/10\/political-candidate-25.png\u00bb background_size_1=\u00bbinitial\u00bb background_repeat_1=\u00bbno-repeat\u00bb background_position_1=\u00bbtop_right\u00bb admin_label=\u00bbHeader\u00bb _builder_version=\u00bb4.16&#8243; custom_margin=\u00bb||0px|\u00bb custom_padding=\u00bb0px||0px||true\u00bb global_colors_info=\u00bb{}\u00bb][et_pb_row column_structure=\u00bb1_2,1_2&#8243; make_equal=\u00bbon\u00bb padding_top_bottom_link_2=\u00bbfalse\u00bb padding_left_right_link_2=\u00bbfalse\u00bb _builder_version=\u00bb4.17.4&#8243; background_image=\u00bbhttps:\/\/microypara.facmed.unam.mx\/wp-content\/uploads\/2020\/06\/3433814.png\u00bb width=\u00bb100%\u00bb max_width=\u00bb100%\u00bb min_height=\u00bb475px\u00bb custom_margin=\u00bb|auto|10px|auto||\u00bb custom_padding=\u00bb0px|51px|0px||true|\u00bb use_custom_width=\u00bbon\u00bb width_unit=\u00bboff\u00bb custom_width_percent=\u00bb100%\u00bb global_colors_info=\u00bb{}\u00bb][et_pb_column type=\u00bb1_2&#8243; _builder_version=\u00bb4.17.4&#8243; background_image=\u00bbhttps:\/\/microypara.facmed.unam.mx\/wp-content\/uploads\/2022\/08\/b5d5e587-a26d-4b52-8b8a-26f32e83b3a2.jpg\u00bb background_size=\u00bbcontain\u00bb custom_padding=\u00bb|||\u00bb global_colors_info=\u00bb{}\u00bb custom_padding__hover=\u00bb|||\u00bb][\/et_pb_column][et_pb_column type=\u00bb1_2&#8243; _builder_version=\u00bb4.16&#8243; custom_padding=\u00bb6vw|10%|12vw|\u00bb custom_padding_tablet=\u00bb|10%||10%||true\u00bb custom_padding_phone=\u00bb|||\u00bb custom_padding_last_edited=\u00bbon|tablet\u00bb global_colors_info=\u00bb{}\u00bb padding_phone=\u00bb|||\u00bb padding_tablet=\u00bb|10%||10%||true\u00bb padding_last_edited=\u00bbon|tablet\u00bb custom_padding__hover=\u00bb|||\u00bb][et_pb_text _builder_version=\u00bb4.16&#8243; text_font=\u00bb||||||||\u00bb text_font_size=\u00bb16px\u00bb text_line_height=\u00bb2em\u00bb header_font=\u00bbUbuntu|700|||||||\u00bb header_font_size=\u00bb60px\u00bb header_line_height=\u00bb1.4em\u00bb header_3_font=\u00bbUbuntu||||||||\u00bb header_3_text_color=\u00bb#bb7860&#8243; header_3_line_height=\u00bb1.8em\u00bb width=\u00bb133%\u00bb max_width=\u00bb500px\u00bb min_height=\u00bb51px\u00bb custom_margin=\u00bb|-139px||||\u00bb custom_padding=\u00bb||0px|||\u00bb text_font_size_tablet=\u00bb\u00bb text_font_size_phone=\u00bb14px\u00bb text_font_size_last_edited=\u00bbon|desktop\u00bb header_font_size_tablet=\u00bb\u00bb header_font_size_phone=\u00bb32px\u00bb header_font_size_last_edited=\u00bbon|desktop\u00bb global_colors_info=\u00bb{}\u00bb]<\/p>\n<p style=\"text-align: center;\"><span style=\"font-size: x-large;\"><strong>Sitio Web<\/strong><\/span><\/p>\n<p>&nbsp;<\/p>\n<p>[\/et_pb_text][et_pb_text _builder_version=\u00bb4.17.4&#8243; text_font=\u00bb||||||||\u00bb text_font_size=\u00bb16px\u00bb text_line_height=\u00bb2em\u00bb header_font=\u00bbUbuntu|700|||||||\u00bb header_font_size=\u00bb60px\u00bb header_line_height=\u00bb1.4em\u00bb header_3_font=\u00bbUbuntu||||||||\u00bb header_3_text_color=\u00bb#bb7860&#8243; header_3_line_height=\u00bb1.8em\u00bb max_width=\u00bb500px\u00bb min_height=\u00bb94px\u00bb custom_margin=\u00bb|-139px||||\u00bb custom_padding=\u00bb||0px|||\u00bb text_font_size_tablet=\u00bb\u00bb text_font_size_phone=\u00bb14px\u00bb text_font_size_last_edited=\u00bbon|desktop\u00bb header_font_size_tablet=\u00bb\u00bb header_font_size_phone=\u00bb32px\u00bb header_font_size_last_edited=\u00bbon|desktop\u00bb global_colors_info=\u00bb{}\u00bb]<\/p>\n<h3 style=\"text-align: center;\">MC. Senddey Maciel \u00c1vila<\/h3>\n<h3 style=\"text-align: center;\"><span>Responsable de Sitio Web y Redes sociales<\/span><\/h3>\n<p>&nbsp;<\/p>\n<p>[\/et_pb_text][et_pb_text _builder_version=\u00bb4.16&#8243; width=\u00bb100%\u00bb custom_margin=\u00bb|-39px||||\u00bb custom_padding=\u00bb|0px||||\u00bb global_colors_info=\u00bb{}\u00bb]<\/p>\n<h4 style=\"text-align: center;\"><strong>Correo electr\u00f3nico de Contacto:<\/strong> <a href=\"mailto:ensenanzamyp@unam.mx\">webmastermicroypara@unam.mx<\/a><\/h4>\n<h4 style=\"text-align: center;\"><span><strong>Tel\u00e9fono:<\/strong> 5556232378<\/span><\/h4>\n<p>[\/et_pb_text][\/et_pb_column][\/et_pb_row][\/et_pb_section][et_pb_section fb_built=\u00bb1&#8243; admin_label=\u00bbVision\u00bb _builder_version=\u00bb4.16&#8243; custom_padding=\u00bb||0px|||\u00bb global_colors_info=\u00bb{}\u00bb][et_pb_row use_custom_gutter=\u00bbon\u00bb gutter_width=\u00bb2&#8243; padding_top_bottom_link_1=\u00bbfalse\u00bb padding_top_bottom_link_2=\u00bbfalse\u00bb padding_top_bottom_link_3=\u00bbfalse\u00bb padding_left_right_link_1=\u00bbtrue\u00bb padding_left_right_link_2=\u00bbtrue\u00bb padding_left_right_link_3=\u00bbtrue\u00bb _builder_version=\u00bb4.16&#8243; background_color=\u00bb#2abfbf\u00bb width=\u00bb100%\u00bb max_width=\u00bb100%\u00bb module_alignment=\u00bbleft\u00bb custom_margin=\u00bb-67px|auto||auto||\u00bb custom_margin_tablet=\u00bb|||3vw\u00bb custom_margin_phone=\u00bb|||2vw\u00bb custom_margin_last_edited=\u00bboff|desktop\u00bb custom_padding=\u00bb|0%|||false|false\u00bb animation_style=\u00bbslide\u00bb animation_direction=\u00bbtop\u00bb animation_intensity_slide=\u00bb2%\u00bb use_custom_width=\u00bbon\u00bb width_unit=\u00bboff\u00bb custom_width_percent=\u00bb100%\u00bb global_colors_info=\u00bb{}\u00bb][et_pb_column type=\u00bb4_4&#8243; _builder_version=\u00bb4.16&#8243; background_color=\u00bb#f5f5f5&#8243; custom_padding=\u00bb60px|30px||30px\u00bb custom_padding_tablet=\u00bb40px|||\u00bb custom_padding_phone=\u00bb\u00bb custom_padding_last_edited=\u00bbon|phone\u00bb global_colors_info=\u00bb{}\u00bb padding_tablet=\u00bb40px|||\u00bb padding_last_edited=\u00bbon|phone\u00bb custom_padding__hover=\u00bb|||\u00bb padding_phone=\u00bb40px|||\u00bb][et_pb_divider color=\u00bb#393e56&#8243; divider_position=\u00bbcenter\u00bb divider_weight=\u00bb3px\u00bb _builder_version=\u00bb4.16&#8243; max_width=\u00bb60px\u00bb height=\u00bb3px\u00bb custom_margin=\u00bb||10px|\u00bb global_colors_info=\u00bb{}\u00bb][\/et_pb_divider][et_pb_text _builder_version=\u00bb4.16&#8243; text_font=\u00bb||||||||\u00bb text_line_height=\u00bb1.8em\u00bb custom_padding=\u00bb|||7px||\u00bb global_colors_info=\u00bb{}\u00bb]<\/p>\n<ul>\n<li>\n<h3>Genera diversos materiales de difusi\u00f3n para mantener la comunicaci\u00f3n efectiva en la comunidad de la Facultad, Universitaria y P\u00fablico general.<\/h3>\n<\/li>\n<li>\n<h3>Actualiza y atiende las necesidades del sitio web y redes sociales del Departamento de Microbiolog\u00eda y Parasitolog\u00eda.<\/h3>\n<\/li>\n<li>\n<h3>Realiza y difunde material did\u00e1ctico para el reforzamiento del conocimiento de Bacteriolog\u00eda, Virolog\u00eda, Micolog\u00eda y Parasitolog\u00eda en el proceso del aprendizaje en l\u00ednea.<\/h3>\n<\/li>\n<\/ul>\n<p>[\/et_pb_text][\/et_pb_column][\/et_pb_row][\/et_pb_section][et_pb_section fb_built=\u00bb1&#8243; _builder_version=\u00bb4.16&#8243; background_color=\u00bb#ffffff\u00bb background_image=\u00bbhttps:\/\/microypara.facmed.unam.mx\/wp-content\/uploads\/2020\/10\/political-candidate-23.png\u00bb custom_padding=\u00bb||7px|||\u00bb global_colors_info=\u00bb{}\u00bb][et_pb_row _builder_version=\u00bb4.16&#8243; custom_margin=\u00bb-51px|auto||auto||\u00bb global_colors_info=\u00bb{}\u00bb][et_pb_column type=\u00bb4_4&#8243; _builder_version=\u00bb4.16&#8243; global_colors_info=\u00bb{}\u00bb][et_pb_text _builder_version=\u00bb4.16&#8243; custom_padding=\u00bb||0px|||\u00bb global_colors_info=\u00bb{}\u00bb]<\/p>\n<h3 style=\"text-align: center;\"><strong>GRUPO DE TRABAJO<\/strong><\/h3>\n<h3 style=\"text-align: center;\"><strong>\u00a0<\/strong><\/h3>\n<h4><span><span style=\"color: #993300;\">MPSS. Ang\u00e9lica Arizbeth Reyes Sahag\u00fan <\/span>\/ <a href=\"mailto:ensenanzamyp@unam.mx\">webmastermicroypara@unam.mx<\/a><\/span><\/h4>\n<h4><span><a href=\"mailto:ensenanzamyp@unam.mx\"><\/a><\/span><\/h4>\n<p>[\/et_pb_text][\/et_pb_column][\/et_pb_row][\/et_pb_section]<\/p>\n","protected":false},"excerpt":{"rendered":"<p>Sitio Web &nbsp;MC. Senddey Maciel \u00c1vila Responsable de Sitio Web y Redes sociales &nbsp;Correo electr\u00f3nico de Contacto: webmastermicroypara@unam.mx Tel\u00e9fono: 5556232378 Genera diversos materiales de difusi\u00f3n para mantener la comunicaci\u00f3n efectiva en la comunidad de la Facultad, Universitaria y P\u00fablico general. Actualiza y atiende las necesidades del sitio web y redes sociales del Departamento de Microbiolog\u00eda [&hellip;]<\/p>\n","protected":false},"author":3,"featured_media":0,"parent":0,"menu_order":0,"comment_status":"closed","ping_status":"closed","template":"","meta":{"_et_pb_use_builder":"on","_et_pb_old_content":"","_et_gb_content_width":"","footnotes":""},"class_list":["post-3134","page","type-page","status-publish","hentry"],"jetpack_sharing_enabled":true,"_links":{"self":[{"href":"https:\/\/microypara.facmed.unam.mx\/index.php\/wp-json\/wp\/v2\/pages\/3134","targetHints":{"allow":["GET"]}}],"collection":[{"href":"https:\/\/microypara.facmed.unam.mx\/index.php\/wp-json\/wp\/v2\/pages"}],"about":[{"href":"https:\/\/microypara.facmed.unam.mx\/index.php\/wp-json\/wp\/v2\/types\/page"}],"author":[{"embeddable":true,"href":"https:\/\/microypara.facmed.unam.mx\/index.php\/wp-json\/wp\/v2\/users\/3"}],"replies":[{"embeddable":true,"href":"https:\/\/microypara.facmed.unam.mx\/index.php\/wp-json\/wp\/v2\/comments?post=3134"}],"version-history":[{"count":10,"href":"https:\/\/microypara.facmed.unam.mx\/index.php\/wp-json\/wp\/v2\/pages\/3134\/revisions"}],"predecessor-version":[{"id":4517,"href":"https:\/\/microypara.facmed.unam.mx\/index.php\/wp-json\/wp\/v2\/pages\/3134\/revisions\/4517"}],"wp:attachment":[{"href":"https:\/\/microypara.facmed.unam.mx\/index.php\/wp-json\/wp\/v2\/media?parent=3134"}],"curies":[{"name":"wp","href":"https:\/\/api.w.org\/{rel}","templated":true}]}}