{"id":5124,"date":"2024-06-07T13:51:21","date_gmt":"2024-06-07T13:51:21","guid":{"rendered":"https:\/\/microypara.facmed.unam.mx\/?page_id=5124"},"modified":"2026-04-05T23:08:38","modified_gmt":"2026-04-05T23:08:38","slug":"coordinacion-de-evaluacion-2","status":"publish","type":"page","link":"https:\/\/microypara.facmed.unam.mx\/index.php\/coordinacion-de-evaluacion-2\/","title":{"rendered":"Coordinaci\u00f3n de Evaluaci\u00f3n"},"content":{"rendered":"<p>[et_pb_section fb_built=\u00bb1&#8243; fullwidth=\u00bbon\u00bb _builder_version=\u00bb4.25.1&#8243; module_alignment=\u00bbcenter\u00bb global_colors_info=\u00bb{}\u00bb][et_pb_fullwidth_header title=\u00bbSecci\u00f3n Acad\u00e9mica de Evaluaci\u00f3n\u00bb _builder_version=\u00bb4.25.1&#8243; title_font=\u00bbRoboto||||||||\u00bb title_text_align=\u00bbcenter\u00bb title_text_color=\u00bb#2D2D2D\u00bb title_font_size=\u00bb29px\u00bb background_color=\u00bb#FFFFFF\u00bb background_enable_image=\u00bboff\u00bb width=\u00bb100%\u00bb module_alignment=\u00bbcenter\u00bb min_height=\u00bb85px\u00bb height=\u00bb103px\u00bb max_height=\u00bb1000px\u00bb custom_padding=\u00bb17px||0px|||\u00bb animation_style=\u00bbzoom\u00bb hover_enabled=\u00bb0&#8243; global_colors_info=\u00bb{}\u00bb sticky_enabled=\u00bb0&#8243;][\/et_pb_fullwidth_header][\/et_pb_section][et_pb_section fb_built=\u00bb1&#8243; _builder_version=\u00bb4.25.1&#8243; _module_preset=\u00bbdefault\u00bb min_height=\u00bb707.2px\u00bb custom_margin=\u00bb||-36px|||\u00bb custom_padding=\u00bb||24px|||\u00bb global_colors_info=\u00bb{}\u00bb][et_pb_row column_structure=\u00bb2_5,3_5&#8243; _builder_version=\u00bb4.25.1&#8243; _module_preset=\u00bbdefault\u00bb custom_padding=\u00bb||14px|||\u00bb animation_style=\u00bbzoom\u00bb global_colors_info=\u00bb{}\u00bb][et_pb_column type=\u00bb2_5&#8243; _builder_version=\u00bb4.25.1&#8243; _module_preset=\u00bbdefault\u00bb global_colors_info=\u00bb{}\u00bb][et_pb_image src=\u00bbhttps:\/\/microypara.facmed.unam.mx\/wp-content\/uploads\/2024\/06\/Fotos-Sitio-Web-Nel.png\u00bb title_text=\u00bbFotos Sitio Web Nel\u00bb _builder_version=\u00bb4.25.1&#8243; _module_preset=\u00bbdefault\u00bb global_colors_info=\u00bb{}\u00bb][\/et_pb_image][\/et_pb_column][et_pb_column type=\u00bb3_5&#8243; _builder_version=\u00bb4.25.1&#8243; _module_preset=\u00bbdefault\u00bb global_colors_info=\u00bb{}\u00bb][et_pb_text _builder_version=\u00bb4.25.1&#8243; _module_preset=\u00bbdefault\u00bb text_font=\u00bbArial||||||||\u00bb header_font=\u00bbArial||||||||\u00bb custom_margin=\u00bb60px||||false|false\u00bb hover_enabled=\u00bb0&#8243; global_colors_info=\u00bb{}\u00bb header_font_size=\u00bb25px\u00bb sticky_enabled=\u00bb0&#8243;]<\/p>\n<h1 class=\"p1\" style=\"text-align: center;\"><span style=\"color: #000000;\"><b>M en E Nelia Danahe Luna Chavira<\/b><\/span><\/h1>\n<h1 class=\"p1\" style=\"text-align: center;\"><span style=\"color: #000000;\">Coordinadora de Evaluaci\u00f3n<\/span><\/h1>\n<p>[\/et_pb_text][et_pb_text _builder_version=\u00bb4.25.1&#8243; _module_preset=\u00bbdefault\u00bb text_font=\u00bbArial||||||||\u00bb header_font=\u00bbArial||||||||\u00bb hover_enabled=\u00bb0&#8243; global_colors_info=\u00bb{}\u00bb header_font_size=\u00bb14px\u00bb text_font_size=\u00bb4px\u00bb sticky_enabled=\u00bb0&#8243;]<\/p>\n<h1 class=\"p1\" style=\"text-align: center;\"><span style=\"color: #000000; font-size: large;\"><strong>Mar\u00eda Salgado Garc\u00eda<\/strong><\/span><\/h1>\n<h1 style=\"text-align: center;\"><span style=\"color: #000000; font-size: large;\">Asistente<\/span><\/h1>\n<p>[\/et_pb_text][et_pb_text _builder_version=\u00bb4.25.1&#8243; _module_preset=\u00bbdefault\u00bb text_font=\u00bbArial||||||||\u00bb custom_margin=\u00bb20px||||false|false\u00bb global_colors_info=\u00bb{}\u00bb]<\/p>\n<h4 class=\"p1\" style=\"text-align: center;\"><span style=\"color: #000000;\"><strong>Datos de contacto:<\/strong><\/span><\/h4>\n<h4 class=\"p2\" style=\"text-align: center;\"><span class=\"s1\" style=\"color: #000000;\"><a href=\"mailto:evaluacionmyp@unam.mx\" style=\"color: #000000;\">evaluacionmyp@unam.mx<\/a><\/span><\/h4>\n<h4 class=\"p1\" style=\"text-align: center;\"><span style=\"color: #000000;\">55 5623 2390<\/span><\/h4>\n<p>[\/et_pb_text][\/et_pb_column][\/et_pb_row][et_pb_row _builder_version=\u00bb4.25.1&#8243; _module_preset=\u00bbdefault\u00bb custom_margin=\u00bb|auto|-16px|auto||\u00bb animation_style=\u00bbzoom\u00bb global_colors_info=\u00bb{}\u00bb][et_pb_column type=\u00bb4_4&#8243; _builder_version=\u00bb4.25.1&#8243; _module_preset=\u00bbdefault\u00bb global_colors_info=\u00bb{}\u00bb][et_pb_toggle title=\u00bbActividades\u00bb open_toggle_text_color=\u00bb#2D2D2D\u00bb closed_toggle_text_color=\u00bb#2D2D2D\u00bb _builder_version=\u00bb4.25.1&#8243; _module_preset=\u00bbdefault\u00bb title_text_color=\u00bb#2D2D2D\u00bb title_level=\u00bbh2&#8243; title_font=\u00bbArial|700|||||||\u00bb title_text_align=\u00bbcenter\u00bb title_font_size=\u00bb25px\u00bb closed_title_font=\u00bbArial||||||||\u00bb body_font=\u00bbArial||||||||\u00bb body_text_color=\u00bb#2D2D2D\u00bb custom_margin=\u00bb||36px|||\u00bb custom_padding=\u00bb||9px|||\u00bb animation_style=\u00bbzoom\u00bb global_colors_info=\u00bb{}\u00bb]<\/p>\n<ul class=\"ul1\">\n<li class=\"li1\" style=\"text-align: justify;\"><span class=\"s1\"><\/span>Esta \u00e1rea es responsable de llevar a cabo los ex\u00e1menes departamentales, ordinarios y extraordinarios.<\/li>\n<li class=\"li1\" style=\"text-align: justify;\"><span class=\"s1\"><\/span>Concentra las calificaciones emitidas por los profesores de teor\u00eda y laboratorio, integrando la calificaci\u00f3n final del profesor y envi\u00e1ndola a servicios escolares.<\/li>\n<li class=\"li1\" style=\"text-align: justify;\"><span class=\"s1\"><\/span>Realiza revisiones de ex\u00e1menes y de calificaciones emitidas por los profesores correspondientes.<\/li>\n<\/ul>\n<p>[\/et_pb_toggle][\/et_pb_column][\/et_pb_row][et_pb_row _builder_version=\u00bb4.25.1&#8243; _module_preset=\u00bbdefault\u00bb min_height=\u00bb58.4px\u00bb animation_style=\u00bbzoom\u00bb global_colors_info=\u00bb{}\u00bb][et_pb_column type=\u00bb4_4&#8243; _builder_version=\u00bb4.25.1&#8243; _module_preset=\u00bbdefault\u00bb global_colors_info=\u00bb{}\u00bb][et_pb_text _builder_version=\u00bb4.25.1&#8243; _module_preset=\u00bbdefault\u00bb text_font=\u00bbRoboto||||||||\u00bb text_text_color=\u00bb#2D2D2D\u00bb text_font_size=\u00bb29px\u00bb text_orientation=\u00bbcenter\u00bb min_height=\u00bb56.8px\u00bb custom_padding=\u00bb||12px|||\u00bb animation_style=\u00bbzoom\u00bb hover_enabled=\u00bb0&#8243; global_colors_info=\u00bb{}\u00bb header_font=\u00bbRoboto||||||||\u00bb sticky_enabled=\u00bb0&#8243;]<\/p>\n<p>M\u00e9dica pasante<\/p>\n<p>[\/et_pb_text][\/et_pb_column][\/et_pb_row][\/et_pb_section][et_pb_section fb_built=\u00bb1&#8243; _builder_version=\u00bb4.25.1&#8243; _module_preset=\u00bbdefault\u00bb min_height=\u00bb152.6px\u00bb animation_style=\u00bbzoom\u00bb global_colors_info=\u00bb{}\u00bb][et_pb_row _builder_version=\u00bb4.25.1&#8243; _module_preset=\u00bbdefault\u00bb min_height=\u00bb38.4px\u00bb custom_margin=\u00bb-72px|auto||auto||\u00bb custom_padding=\u00bb13px|||||\u00bb global_colors_info=\u00bb{}\u00bb][et_pb_column type=\u00bb4_4&#8243; _builder_version=\u00bb4.25.1&#8243; _module_preset=\u00bbdefault\u00bb global_colors_info=\u00bb{}\u00bb][et_pb_toggle title=\u00bbActividades\u00bb open_toggle_text_color=\u00bb#2D2D2D\u00bb closed_toggle_text_color=\u00bb#2D2D2D\u00bb _builder_version=\u00bb4.25.1&#8243; _module_preset=\u00bbdefault\u00bb title_text_color=\u00bb#2D2D2D\u00bb title_level=\u00bbh2&#8243; title_font=\u00bbArial|700|||||||\u00bb title_text_align=\u00bbcenter\u00bb title_font_size=\u00bb25px\u00bb closed_title_font=\u00bbArial||||||||\u00bb body_font=\u00bbArial||||||||\u00bb body_text_color=\u00bb#2D2D2D\u00bb width=\u00bb100%\u00bb custom_padding=\u00bb||0px|||\u00bb animation_style=\u00bbzoom\u00bb global_colors_info=\u00bb{}\u00bb]<\/p>\n<ul class=\"ul1\">\n<li class=\"li1\" style=\"text-align: justify;\">Elaborar vi\u00f1etas cl\u00ednicas para ser utilizadas en ex\u00e1menes departamentales, ordinarios y extraordinario<\/li>\n<li class=\"li1\" style=\"text-align: justify;\"><span class=\"s1\"><\/span>Seleccionar im\u00e1genes que correspondan a una vi\u00f1eta cl\u00ednica para evaluaciones (laboratorio,gabinete, microorganismos)<\/li>\n<li class=\"li1\" style=\"text-align: justify;\"><span class=\"s1\"><\/span>Elaborar diversos tipos de reactivos (relaci\u00f3n de columnas, opci\u00f3n m\u00faltiple, entre otros)<\/li>\n<li class=\"li1\" style=\"text-align: justify;\"><span class=\"s1\"><\/span>Apoyar a la Coordinaci\u00f3n de Evaluaci\u00f3n en la aplicaci\u00f3n de ex\u00e1menes presenciales<br \/>(departamentales, ordinarios y extraordinario) de Microbiolog\u00eda y Parasitolog\u00eda<\/li>\n<li class=\"li1\" style=\"text-align: justify;\"><span class=\"s1\"><\/span>Recibir capacitaci\u00f3n sobre temas te\u00f3ricos y de laboratorio de las cuatro unidades tem\u00e1ticas de la asignatura<\/li>\n<li class=\"li1\" style=\"text-align: justify;\"><span class=\"s1\"><\/span>Apoyar a la Coordinaci\u00f3n de Ense\u00f1anza para cubrir clase de teor\u00eda y\/o pr\u00e1ctica en caso de ser necesario<\/li>\n<li class=\"li1\" style=\"text-align: justify;\"><span class=\"s1\"><\/span>Apoyar a las actividades del Departamento de Microbiolog\u00eda y Parasitolog\u00eda, cuando sean requeridos<\/li>\n<li class=\"li1\" style=\"text-align: justify;\"><span class=\"s1\"><\/span>Colaborar con la Facultad, Coordinaci\u00f3n de Ciencias B\u00e1sicas y Coordinaci\u00f3n de Servicios a la Comunidad cuando sean requeridos<\/li>\n<\/ul>\n<p>[\/et_pb_toggle][\/et_pb_column][\/et_pb_row][\/et_pb_section]<\/p>\n","protected":false},"excerpt":{"rendered":"<p>M en E Nelia Danahe Luna Chavira Coordinadora de Evaluaci\u00f3nMar\u00eda Salgado Garc\u00eda AsistenteDatos de contacto: evaluacionmyp@unam.mx 55 5623 2390 Esta \u00e1rea es responsable de llevar a cabo los ex\u00e1menes departamentales, ordinarios y extraordinarios. Concentra las calificaciones emitidas por los profesores de teor\u00eda y laboratorio, integrando la calificaci\u00f3n final del profesor y envi\u00e1ndola a servicios escolares. [&hellip;]<\/p>\n","protected":false},"author":3,"featured_media":0,"parent":0,"menu_order":0,"comment_status":"closed","ping_status":"closed","template":"","meta":{"_et_pb_use_builder":"on","_et_pb_old_content":"","_et_gb_content_width":"","footnotes":""},"class_list":["post-5124","page","type-page","status-publish","hentry"],"jetpack_sharing_enabled":true,"_links":{"self":[{"href":"https:\/\/microypara.facmed.unam.mx\/index.php\/wp-json\/wp\/v2\/pages\/5124","targetHints":{"allow":["GET"]}}],"collection":[{"href":"https:\/\/microypara.facmed.unam.mx\/index.php\/wp-json\/wp\/v2\/pages"}],"about":[{"href":"https:\/\/microypara.facmed.unam.mx\/index.php\/wp-json\/wp\/v2\/types\/page"}],"author":[{"embeddable":true,"href":"https:\/\/microypara.facmed.unam.mx\/index.php\/wp-json\/wp\/v2\/users\/3"}],"replies":[{"embeddable":true,"href":"https:\/\/microypara.facmed.unam.mx\/index.php\/wp-json\/wp\/v2\/comments?post=5124"}],"version-history":[{"count":12,"href":"https:\/\/microypara.facmed.unam.mx\/index.php\/wp-json\/wp\/v2\/pages\/5124\/revisions"}],"predecessor-version":[{"id":6199,"href":"https:\/\/microypara.facmed.unam.mx\/index.php\/wp-json\/wp\/v2\/pages\/5124\/revisions\/6199"}],"wp:attachment":[{"href":"https:\/\/microypara.facmed.unam.mx\/index.php\/wp-json\/wp\/v2\/media?parent=5124"}],"curies":[{"name":"wp","href":"https:\/\/api.w.org\/{rel}","templated":true}]}}