{"id":5144,"date":"2024-06-07T15:14:54","date_gmt":"2024-06-07T15:14:54","guid":{"rendered":"https:\/\/microypara.facmed.unam.mx\/?page_id=5144"},"modified":"2026-04-14T19:55:46","modified_gmt":"2026-04-14T19:55:46","slug":"difusion-web","status":"publish","type":"page","link":"https:\/\/microypara.facmed.unam.mx\/index.php\/difusion-web\/","title":{"rendered":"Difusi\u00f3n Web"},"content":{"rendered":"<p>[et_pb_section fb_built=\u00bb1&#8243; fullwidth=\u00bbon\u00bb _builder_version=\u00bb4.16&#8243; global_colors_info=\u00bb{}\u00bb][et_pb_fullwidth_header title=\u00bbSitio Web y Aulas virtuales\u00bb _builder_version=\u00bb4.25.1&#8243; title_font=\u00bbRoboto|700|||||||\u00bb title_text_align=\u00bbcenter\u00bb title_text_color=\u00bb#2D2D2D\u00bb title_font_size=\u00bb29px\u00bb background_color=\u00bbRGBA(255,255,255,0)\u00bb background_enable_image=\u00bboff\u00bb custom_padding=\u00bb18px||2px|||\u00bb global_colors_info=\u00bb{}\u00bb][\/et_pb_fullwidth_header][\/et_pb_section][et_pb_section fb_built=\u00bb1&#8243; _builder_version=\u00bb4.25.1&#8243; _module_preset=\u00bbdefault\u00bb animation_style=\u00bbzoom\u00bb global_colors_info=\u00bb{}\u00bb][et_pb_row column_structure=\u00bb2_5,3_5&#8243; _builder_version=\u00bb4.25.1&#8243; _module_preset=\u00bbdefault\u00bb global_colors_info=\u00bb{}\u00bb][et_pb_column type=\u00bb2_5&#8243; _builder_version=\u00bb4.25.1&#8243; _module_preset=\u00bbdefault\u00bb global_colors_info=\u00bb{}\u00bb][et_pb_image src=\u00bbhttps:\/\/microypara.facmed.unam.mx\/wp-content\/uploads\/2024\/06\/MyPlogo.png\u00bb title_text=\u00bbMyPlogo\u00bb align=\u00bbcenter\u00bb _builder_version=\u00bb4.25.1&#8243; _module_preset=\u00bbdefault\u00bb global_colors_info=\u00bb{}\u00bb][\/et_pb_image][\/et_pb_column][et_pb_column type=\u00bb3_5&#8243; _builder_version=\u00bb4.25.1&#8243; _module_preset=\u00bbdefault\u00bb global_colors_info=\u00bb{}\u00bb][et_pb_text _builder_version=\u00bb4.25.1&#8243; _module_preset=\u00bbdefault\u00bb text_font=\u00bbArial||||||||\u00bb header_font=\u00bbRoboto||||||||\u00bb header_font_size=\u00bb25px\u00bb custom_margin=\u00bb60px||||false|false\u00bb custom_padding=\u00bb30px||||false|false\u00bb global_colors_info=\u00bb{}\u00bb]<\/p>\n<h1 style=\"text-align: center;\"><span style=\"color: #000000;\"><strong>MC.\u00a0<\/strong><\/span><\/h1>\n<h3 style=\"text-align: center;\"><span style=\"color: #000000;\">Sitio Web y Aulas virtuales<\/span><\/h3>\n<p>[\/et_pb_text][et_pb_text _builder_version=\u00bb4.25.1&#8243; _module_preset=\u00bbdefault\u00bb text_font=\u00bbArial||||||||\u00bb custom_margin=\u00bb20px||||false|false\u00bb global_colors_info=\u00bb{}\u00bb]<\/p>\n<h4 style=\"text-align: center;\"><strong><span style=\"color: #000000;\">Datos de contacto:<\/span><\/strong><\/h4>\n<h4 style=\"text-align: center;\"><span style=\"color: #3366ff;\"><strong>microyparasitioweb@facmed.unam.mx<\/strong><\/span><\/h4>\n<h4 style=\"text-align: center;\"><\/h4>\n<p>[\/et_pb_text][\/et_pb_column][\/et_pb_row][et_pb_row _builder_version=\u00bb4.25.1&#8243; _module_preset=\u00bbdefault\u00bb animation_style=\u00bbzoom\u00bb global_colors_info=\u00bb{}\u00bb][et_pb_column type=\u00bb4_4&#8243; _builder_version=\u00bb4.25.1&#8243; _module_preset=\u00bbdefault\u00bb global_colors_info=\u00bb{}\u00bb][et_pb_toggle title=\u00bbActividades\u00bb open_toggle_text_color=\u00bb#2D2D2D\u00bb _builder_version=\u00bb4.25.1&#8243; _module_preset=\u00bbdefault\u00bb title_text_color=\u00bb#2D2D2D\u00bb title_level=\u00bbh4&#8243; title_font=\u00bbArial|700|||||||\u00bb title_text_align=\u00bbcenter\u00bb title_font_size=\u00bb25px\u00bb body_font=\u00bbArial||||||||\u00bb body_text_color=\u00bb#2D2D2D\u00bb width=\u00bb94.6%\u00bb global_colors_info=\u00bb{}\u00bb]<\/p>\n<p class=\"p1\" style=\"text-align: justify;\"><b>Seguimiento y Actualizaci\u00f3n de Aulas Virtuales:<\/b><\/p>\n<ul class=\"ul1\" style=\"text-align: justify;\">\n<li class=\"li1\"><span class=\"s1\"><\/span>Actualizaci\u00f3n constante de las aulas en Moodle, organizaci\u00f3n de materiales de apoyo y dise\u00f1o de banners semanales.<\/li>\n<\/ul>\n<p class=\"p1\" style=\"text-align: justify;\"><b>Gesti\u00f3n de Redes Sociales:<\/b><\/p>\n<ul class=\"ul1\" style=\"text-align: justify;\">\n<li class=\"li1\"><span class=\"s1\"><\/span>Promoci\u00f3n de la ciencia, seguimiento de m\u00e9tricas y an\u00e1lisis de estad\u00edsticas.<\/li>\n<li class=\"li1\"><span class=\"s1\"><\/span>Difusi\u00f3n de avisos y actividades, as\u00ed como publicaci\u00f3n de contenido multimedia sobre temas relevantes en Microbiolog\u00eda y Parasitolog\u00eda.<\/li>\n<li class=\"li1\"><span class=\"s1\"><\/span>Difusi\u00f3n de seminarios y asesor\u00edas, an\u00e1lisis de estad\u00edsticas de visualizaci\u00f3n y suscriptores.<\/li>\n<\/ul>\n<p class=\"p1\" style=\"text-align: justify;\"><b>Creaci\u00f3n y Dise\u00f1o de Materiales de Difusi\u00f3n:<\/b><\/p>\n<ul class=\"ul1\" style=\"text-align: justify;\">\n<li class=\"li1\"><span class=\"s1\"><\/span>Desarrollo y publicaci\u00f3n de material informativo para d\u00edas conmemorativos, dise\u00f1o de portadas y resguardo de videos.<\/li>\n<\/ul>\n<p class=\"p1\" style=\"text-align: justify;\"><b>Difusi\u00f3n de Publicaciones Institucionales:<\/b><\/p>\n<ul class=\"ul1\">\n<li class=\"li1\" style=\"text-align: justify;\"><span class=\"s1\"><\/span>Promoci\u00f3n de publicaciones de la Facultad de Medicina a trav\u00e9s de redes sociales.<\/li>\n<\/ul>\n<p>[\/et_pb_toggle][\/et_pb_column][\/et_pb_row][et_pb_row _builder_version=\u00bb4.25.1&#8243; _module_preset=\u00bbdefault\u00bb animation_style=\u00bbzoom\u00bb global_colors_info=\u00bb{}\u00bb][et_pb_column type=\u00bb4_4&#8243; _builder_version=\u00bb4.25.1&#8243; _module_preset=\u00bbdefault\u00bb global_colors_info=\u00bb{}\u00bb][et_pb_text _builder_version=\u00bb4.25.1&#8243; _module_preset=\u00bbdefault\u00bb text_font=\u00bbRoboto||||||||\u00bb text_text_color=\u00bb#2D2D2D\u00bb text_font_size=\u00bb29px\u00bb header_font=\u00bbRoboto||||||||\u00bb text_orientation=\u00bbcenter\u00bb global_colors_info=\u00bb{}\u00bb]<\/p>\n<p>M\u00e9dica pasante<\/p>\n<p>[\/et_pb_text][\/et_pb_column][\/et_pb_row][et_pb_row _builder_version=\u00bb4.25.1&#8243; _module_preset=\u00bbdefault\u00bb animation_style=\u00bbzoom\u00bb global_colors_info=\u00bb{}\u00bb][et_pb_column type=\u00bb4_4&#8243; _builder_version=\u00bb4.25.1&#8243; _module_preset=\u00bbdefault\u00bb global_colors_info=\u00bb{}\u00bb][et_pb_toggle title=\u00bbActividades\u00bb open_toggle_text_color=\u00bb#2D2D2D\u00bb _builder_version=\u00bb4.25.1&#8243; _module_preset=\u00bbdefault\u00bb title_text_color=\u00bb#2D2D2D\u00bb title_level=\u00bbh4&#8243; title_font=\u00bbArial|700|||||||\u00bb title_text_align=\u00bbcenter\u00bb title_font_size=\u00bb25px\u00bb body_font=\u00bbArial||||||||\u00bb body_text_color=\u00bb#2D2D2D\u00bb width=\u00bb94.6%\u00bb global_colors_info=\u00bb{}\u00bb]<\/p>\n<ul class=\"ul1\">\n<li class=\"li1\" style=\"text-align: justify;\">Gesti\u00f3n y habilitaci\u00f3n de recursos del aula virtual de las cuatro unidades tem\u00e1ticas.<\/li>\n<li class=\"li1\" style=\"text-align: justify;\"><span class=\"s1\"><\/span>Difusi\u00f3n y divulgaci\u00f3n de material informativo en redes sociales.<span class=\"s1\"><\/span><\/li>\n<li class=\"li1\" style=\"text-align: justify;\"><span class=\"s1\"><\/span>Apoyar a la Coordinaci\u00f3n de Evaluaci\u00f3n en la aplicaci\u00f3n de ex\u00e1menes presenciales<br \/>(departamentales, ordinarios y extraordinario) de Microbiolog\u00eda y Parasitolog\u00eda<\/li>\n<li class=\"li1\" style=\"text-align: justify;\"><span class=\"s1\"><\/span>Recibir capacitaci\u00f3n sobre temas te\u00f3ricos y de laboratorio de las cuatro unidades tem\u00e1ticas de la asignatura<\/li>\n<li class=\"li1\" style=\"text-align: justify;\"><span class=\"s1\"><\/span>Apoyar a la Coordinaci\u00f3n de Ense\u00f1anza para cubrir clase de teor\u00eda y\/o pr\u00e1ctica en caso de ser necesario<\/li>\n<li class=\"li1\" style=\"text-align: justify;\"><span class=\"s1\"><\/span>Apoyar a las actividades del Departamento de Microbiolog\u00eda y Parasitolog\u00eda, cuando sean requeridos<\/li>\n<li class=\"li1\" style=\"text-align: justify;\"><span class=\"s1\"><\/span>Colaborar con la Facultad, Coordinaci\u00f3n de Ciencias B\u00e1sicas y Coordinaci\u00f3n de Servicios a la Comunidad cuando sean requeridos<\/li>\n<\/ul>\n<p>[\/et_pb_toggle][\/et_pb_column][\/et_pb_row][\/et_pb_section]<\/p>\n","protected":false},"excerpt":{"rendered":"<p>MC.\u00a0 Sitio Web y Aulas virtualesDatos de contacto: microyparasitioweb@facmed.unam.mx Seguimiento y Actualizaci\u00f3n de Aulas Virtuales: Actualizaci\u00f3n constante de las aulas en Moodle, organizaci\u00f3n de materiales de apoyo y dise\u00f1o de banners semanales. Gesti\u00f3n de Redes Sociales: Promoci\u00f3n de la ciencia, seguimiento de m\u00e9tricas y an\u00e1lisis de estad\u00edsticas. Difusi\u00f3n de avisos y actividades, as\u00ed como publicaci\u00f3n [&hellip;]<\/p>\n","protected":false},"author":3,"featured_media":0,"parent":0,"menu_order":0,"comment_status":"closed","ping_status":"closed","template":"","meta":{"_et_pb_use_builder":"on","_et_pb_old_content":"","_et_gb_content_width":"","footnotes":""},"class_list":["post-5144","page","type-page","status-publish","hentry"],"jetpack_sharing_enabled":true,"_links":{"self":[{"href":"https:\/\/microypara.facmed.unam.mx\/index.php\/wp-json\/wp\/v2\/pages\/5144","targetHints":{"allow":["GET"]}}],"collection":[{"href":"https:\/\/microypara.facmed.unam.mx\/index.php\/wp-json\/wp\/v2\/pages"}],"about":[{"href":"https:\/\/microypara.facmed.unam.mx\/index.php\/wp-json\/wp\/v2\/types\/page"}],"author":[{"embeddable":true,"href":"https:\/\/microypara.facmed.unam.mx\/index.php\/wp-json\/wp\/v2\/users\/3"}],"replies":[{"embeddable":true,"href":"https:\/\/microypara.facmed.unam.mx\/index.php\/wp-json\/wp\/v2\/comments?post=5144"}],"version-history":[{"count":17,"href":"https:\/\/microypara.facmed.unam.mx\/index.php\/wp-json\/wp\/v2\/pages\/5144\/revisions"}],"predecessor-version":[{"id":6224,"href":"https:\/\/microypara.facmed.unam.mx\/index.php\/wp-json\/wp\/v2\/pages\/5144\/revisions\/6224"}],"wp:attachment":[{"href":"https:\/\/microypara.facmed.unam.mx\/index.php\/wp-json\/wp\/v2\/media?parent=5144"}],"curies":[{"name":"wp","href":"https:\/\/api.w.org\/{rel}","templated":true}]}}