{"id":5151,"date":"2024-06-07T15:20:34","date_gmt":"2024-06-07T15:20:34","guid":{"rendered":"https:\/\/microypara.facmed.unam.mx\/?page_id=5151"},"modified":"2026-03-17T21:05:23","modified_gmt":"2026-03-17T21:05:23","slug":"directorio","status":"publish","type":"page","link":"https:\/\/microypara.facmed.unam.mx\/index.php\/directorio\/","title":{"rendered":"Directorio"},"content":{"rendered":"<p>[et_pb_section fb_built=\u00bb1&#8243; fullwidth=\u00bbon\u00bb _builder_version=\u00bb4.16&#8243; global_colors_info=\u00bb{}\u00bb][et_pb_fullwidth_header title=\u00bbDirectorio\u00bb _builder_version=\u00bb4.25.1&#8243; title_font=\u00bbArial|700|||||||\u00bb title_text_align=\u00bbcenter\u00bb title_text_color=\u00bb#024873&#8243; title_font_size=\u00bb40px\u00bb content_font=\u00bb|700|||||||\u00bb background_color=\u00bbRGBA(255,255,255,0)\u00bb background_enable_image=\u00bboff\u00bb min_height=\u00bb60px\u00bb custom_padding=\u00bb9px||2px|||\u00bb hover_enabled=\u00bb0&#8243; global_colors_info=\u00bb{}\u00bb sticky_enabled=\u00bb0&#8243;][\/et_pb_fullwidth_header][\/et_pb_section][et_pb_section fb_built=\u00bb1&#8243; _builder_version=\u00bb4.25.1&#8243; _module_preset=\u00bbdefault\u00bb global_colors_info=\u00bb{}\u00bb][et_pb_row column_structure=\u00bb1_3,1_3,1_3&#8243; _builder_version=\u00bb4.25.1&#8243; _module_preset=\u00bbdefault\u00bb animation_style=\u00bbzoom\u00bb global_colors_info=\u00bb{}\u00bb][et_pb_column type=\u00bb1_3&#8243; _builder_version=\u00bb4.25.1&#8243; _module_preset=\u00bbdefault\u00bb global_colors_info=\u00bb{}\u00bb][et_pb_blurb title=\u00bbJefatura\u00bb url=\u00bbhttps:\/\/microypara.facmed.unam.mx\/index.php\/jefatura-2\/\u00bb image=\u00bbhttps:\/\/microypara.facmed.unam.mx\/wp-content\/uploads\/2024\/06\/Fotos-Sitio-Web-Norma.png\u00bb _builder_version=\u00bb4.25.1&#8243; _module_preset=\u00bbdefault\u00bb header_font=\u00bbArial|700|||||||\u00bb header_text_color=\u00bb#2D2D2D\u00bb body_font=\u00bbArial||||||||\u00bb body_text_color=\u00bb#2D2D2D\u00bb body_font_size=\u00bb17px\u00bb text_orientation=\u00bbcenter\u00bb link_option_url=\u00bbhttps:\/\/microypara.facmed.unam.mx\/index.php\/jefatura-2\/\u00bb global_colors_info=\u00bb{}\u00bb]<\/p>\n<p>Dra. Norma Rivera Fern\u00e1ndez<\/p>\n<p>[\/et_pb_blurb][et_pb_blurb title=\u00bbInvestigaci\u00f3n\u00bb url=\u00bbhttps:\/\/microypara.facmed.unam.mx\/index.php\/coordinacion-de-investigacion-2\/\u00bb image=\u00bbhttps:\/\/microypara.facmed.unam.mx\/wp-content\/uploads\/2024\/06\/MyPlogo.png\u00bb _builder_version=\u00bb4.25.1&#8243; _module_preset=\u00bbdefault\u00bb header_font=\u00bbArial|700|||||||\u00bb header_text_color=\u00bb#2D2D2D\u00bb body_font=\u00bbArial||||||||\u00bb body_text_color=\u00bb#2D2D2D\u00bb body_font_size=\u00bb16px\u00bb text_orientation=\u00bbcenter\u00bb link_option_url=\u00bbhttps:\/\/microypara.facmed.unam.mx\/index.php\/coordinacion-de-investigacion-2\/\u00bb global_colors_info=\u00bb{}\u00bb]<\/p>\n<p>Dra. Edith S\u00e1nchez Paredes<\/p>\n<p>[\/et_pb_blurb][\/et_pb_column][et_pb_column type=\u00bb1_3&#8243; _builder_version=\u00bb4.25.1&#8243; _module_preset=\u00bbdefault\u00bb global_colors_info=\u00bb{}\u00bb][et_pb_blurb title=\u00bbEnse\u00f1anza\u00bb url=\u00bbhttps:\/\/microypara.facmed.unam.mx\/index.php\/seccion-academica-de-ensenanza\/\u00bb image=\u00bbhttps:\/\/microypara.facmed.unam.mx\/wp-content\/uploads\/2024\/07\/Dr-JC.png\u00bb _builder_version=\u00bb4.25.1&#8243; _module_preset=\u00bbdefault\u00bb header_font=\u00bbArial|700|||||||\u00bb header_text_color=\u00bb#2D2D2D\u00bb body_font=\u00bbArial||||||||\u00bb body_text_align=\u00bbcenter\u00bb body_text_color=\u00bb#2D2D2D\u00bb body_font_size=\u00bb16px\u00bb text_orientation=\u00bbcenter\u00bb link_option_url=\u00bbhttps:\/\/microypara.facmed.unam.mx\/index.php\/seccion-academica-de-ensenanza\/\u00bb global_colors_info=\u00bb{}\u00bb]<\/p>\n<p>M en E Juan Carlos Cadena Serrano<\/p>\n<p>[\/et_pb_blurb][et_pb_blurb title=\u00bbDifusi\u00f3n Web\u00bb url=\u00bbhttps:\/\/microypara.facmed.unam.mx\/index.php\/difusion-web\/\u00bb image=\u00bbhttps:\/\/microypara.facmed.unam.mx\/wp-content\/uploads\/2024\/06\/MyPlogo.png\u00bb _builder_version=\u00bb4.25.1&#8243; _module_preset=\u00bbdefault\u00bb header_font=\u00bbArial|700|||||||\u00bb header_text_color=\u00bb#2D2D2D\u00bb body_font=\u00bbArial||||||||\u00bb body_text_color=\u00bb#2D2D2D\u00bb body_font_size=\u00bb16px\u00bb text_orientation=\u00bbcenter\u00bb link_option_url=\u00bbhttps:\/\/microypara.facmed.unam.mx\/index.php\/difusion-web\/\u00bb global_colors_info=\u00bb{}\u00bb]<\/p>\n<p>MC Arturo Ort\u00edz Hern\u00e1ndez<\/p>\n<p>[\/et_pb_blurb][\/et_pb_column][et_pb_column type=\u00bb1_3&#8243; _builder_version=\u00bb4.25.1&#8243; _module_preset=\u00bbdefault\u00bb global_colors_info=\u00bb{}\u00bb][et_pb_blurb title=\u00bbEvaluaci\u00f3n\u00bb url=\u00bbhttps:\/\/microypara.facmed.unam.mx\/index.php\/coordinacion-de-evaluacion-2\/\u00bb image=\u00bbhttps:\/\/microypara.facmed.unam.mx\/wp-content\/uploads\/2024\/06\/Fotos-Sitio-Web-Nel.png\u00bb _builder_version=\u00bb4.25.1&#8243; _module_preset=\u00bbdefault\u00bb header_font=\u00bbArial|700|||||||\u00bb header_text_color=\u00bb#2D2D2D\u00bb body_font=\u00bbArial||||||||\u00bb body_text_color=\u00bb#2D2D2D\u00bb body_font_size=\u00bb16px\u00bb text_orientation=\u00bbcenter\u00bb link_option_url=\u00bbhttps:\/\/microypara.facmed.unam.mx\/index.php\/coordinacion-de-evaluacion-2\/\u00bb global_colors_info=\u00bb{}\u00bb]<\/p>\n<p>M en E Nelia Danahe Luna Chavira\u00a0<\/p>\n<p>[\/et_pb_blurb][et_pb_blurb title=\u00bbUnidad Administrativa\u00bb url=\u00bbhttps:\/\/microypara.facmed.unam.mx\/index.php\/unidad-administrativa\/\u00bb image=\u00bbhttps:\/\/microypara.facmed.unam.mx\/wp-content\/uploads\/2024\/06\/7.png\u00bb _builder_version=\u00bb4.25.1&#8243; _module_preset=\u00bbdefault\u00bb header_font=\u00bbArial|700|||||||\u00bb header_text_color=\u00bb#2D2D2D\u00bb body_font=\u00bbArial||||||||\u00bb body_text_color=\u00bb#2D2D2D\u00bb body_font_size=\u00bb16px\u00bb text_orientation=\u00bbcenter\u00bb link_option_url=\u00bbhttps:\/\/microypara.facmed.unam.mx\/index.php\/unidad-administrativa\/\u00bb global_colors_info=\u00bb{}\u00bb]<\/p>\n<p>L.C.\u00a0 Andrea Lorena Res\u00e9ndiz Flores<\/p>\n<p>[\/et_pb_blurb][\/et_pb_column][\/et_pb_row][\/et_pb_section]<\/p>\n","protected":false},"excerpt":{"rendered":"<p>Dra. Norma Rivera Fern\u00e1ndezDra. Edith S\u00e1nchez ParedesM en E Juan Carlos Cadena SerranoMC Arturo Ort\u00edz Hern\u00e1ndezM en E Nelia Danahe Luna Chavira\u00a0L.C.\u00a0 Andrea Lorena Res\u00e9ndiz Flores<\/p>\n","protected":false},"author":3,"featured_media":0,"parent":0,"menu_order":0,"comment_status":"closed","ping_status":"closed","template":"","meta":{"_et_pb_use_builder":"on","_et_pb_old_content":"","_et_gb_content_width":"","footnotes":""},"class_list":["post-5151","page","type-page","status-publish","hentry"],"jetpack_sharing_enabled":true,"_links":{"self":[{"href":"https:\/\/microypara.facmed.unam.mx\/index.php\/wp-json\/wp\/v2\/pages\/5151","targetHints":{"allow":["GET"]}}],"collection":[{"href":"https:\/\/microypara.facmed.unam.mx\/index.php\/wp-json\/wp\/v2\/pages"}],"about":[{"href":"https:\/\/microypara.facmed.unam.mx\/index.php\/wp-json\/wp\/v2\/types\/page"}],"author":[{"embeddable":true,"href":"https:\/\/microypara.facmed.unam.mx\/index.php\/wp-json\/wp\/v2\/users\/3"}],"replies":[{"embeddable":true,"href":"https:\/\/microypara.facmed.unam.mx\/index.php\/wp-json\/wp\/v2\/comments?post=5151"}],"version-history":[{"count":8,"href":"https:\/\/microypara.facmed.unam.mx\/index.php\/wp-json\/wp\/v2\/pages\/5151\/revisions"}],"predecessor-version":[{"id":6151,"href":"https:\/\/microypara.facmed.unam.mx\/index.php\/wp-json\/wp\/v2\/pages\/5151\/revisions\/6151"}],"wp:attachment":[{"href":"https:\/\/microypara.facmed.unam.mx\/index.php\/wp-json\/wp\/v2\/media?parent=5151"}],"curies":[{"name":"wp","href":"https:\/\/api.w.org\/{rel}","templated":true}]}}