{"id":5202,"date":"2024-06-13T18:15:10","date_gmt":"2024-06-13T18:15:10","guid":{"rendered":"https:\/\/microypara.facmed.unam.mx\/?page_id=5202"},"modified":"2026-03-17T21:12:56","modified_gmt":"2026-03-17T21:12:56","slug":"bioseguridad-2","status":"publish","type":"page","link":"https:\/\/microypara.facmed.unam.mx\/index.php\/bioseguridad-2\/","title":{"rendered":"Bioseguridad"},"content":{"rendered":"<p>[et_pb_section fb_built=\u00bb1&#8243; fullwidth=\u00bbon\u00bb _builder_version=\u00bb4.16&#8243; global_colors_info=\u00bb{}\u00bb][et_pb_fullwidth_header title=\u00bb\u00c1rea de Bioseguridad\u00bb _builder_version=\u00bb4.25.1&#8243; title_font=\u00bbArial||||||||\u00bb title_text_align=\u00bbcenter\u00bb title_text_color=\u00bb#021059&#8243; title_font_size=\u00bb45px\u00bb background_color=\u00bbRGBA(255,255,255,0)\u00bb background_enable_image=\u00bboff\u00bb height=\u00bb141px\u00bb hover_enabled=\u00bb0&#8243; global_colors_info=\u00bb{}\u00bb custom_padding=\u00bb16px|||||\u00bb sticky_enabled=\u00bb0&#8243;][\/et_pb_fullwidth_header][\/et_pb_section][et_pb_section fb_built=\u00bb1&#8243; _builder_version=\u00bb4.25.1&#8243; _module_preset=\u00bbdefault\u00bb custom_padding=\u00bb||0px|||\u00bb global_colors_info=\u00bb{}\u00bb][et_pb_row column_structure=\u00bb2_5,3_5&#8243; _builder_version=\u00bb4.25.1&#8243; _module_preset=\u00bbdefault\u00bb min_height=\u00bb390px\u00bb custom_margin=\u00bb-41px|auto||auto||\u00bb custom_padding=\u00bb4px|||||\u00bb animation_style=\u00bbzoom\u00bb global_colors_info=\u00bb{}\u00bb][et_pb_column type=\u00bb2_5&#8243; _builder_version=\u00bb4.25.1&#8243; _module_preset=\u00bbdefault\u00bb global_colors_info=\u00bb{}\u00bb][et_pb_image src=\u00bbhttps:\/\/microypara.facmed.unam.mx\/wp-content\/uploads\/2024\/06\/4.png\u00bb title_text=\u00bb4&#8243; align=\u00bbcenter\u00bb _builder_version=\u00bb4.25.1&#8243; _module_preset=\u00bbdefault\u00bb global_colors_info=\u00bb{}\u00bb][\/et_pb_image][\/et_pb_column][et_pb_column type=\u00bb3_5&#8243; _builder_version=\u00bb4.25.1&#8243; _module_preset=\u00bbdefault\u00bb global_colors_info=\u00bb{}\u00bb][et_pb_text _builder_version=\u00bb4.25.1&#8243; _module_preset=\u00bbdefault\u00bb header_font=\u00bbArial||||||||\u00bb custom_margin=\u00bb60px||||false|false\u00bb custom_padding=\u00bb40px||||false|false\u00bb global_colors_info=\u00bb{}\u00bb]<\/p>\n<h1 class=\"p1\" style=\"text-align: center;\"><span style=\"color: #000000;\"><b>QFB Ang\u00e9lica Reyes Torres<\/b><\/span><\/h1>\n<h1 class=\"p1\" style=\"text-align: center;\"><span style=\"color: #000000;\">Responsable de \u00e1rea<\/span><\/h1>\n<p>[\/et_pb_text][et_pb_text _builder_version=\u00bb4.25.1&#8243; _module_preset=\u00bbdefault\u00bb text_font=\u00bbArial||||||||\u00bb text_text_color=\u00bb#2D2D2D\u00bb header_font=\u00bbArial||||||||\u00bb custom_margin=\u00bb20px||||false|false\u00bb global_colors_info=\u00bb{}\u00bb]<\/p>\n<h4 class=\"p1\" style=\"text-align: center;\"><span class=\"s1\"><b><span class=\"Apple-converted-space\">Datos de contacto:\u00a0<\/span><\/b><\/span><\/h4>\n<h4 class=\"p1\" style=\"text-align: center;\"><span class=\"s1\"><b>\u00a0<\/b><a href=\"mailto:bioseguridad_myp@unam.com\"><span class=\"s2\">bioseguridad_myp@unam.mx<\/span><\/a><\/span><\/h4>\n<h4 class=\"p2\" style=\"text-align: center;\">55 5623 2389<\/h4>\n<p>[\/et_pb_text][\/et_pb_column][\/et_pb_row][et_pb_row _builder_version=\u00bb4.25.1&#8243; _module_preset=\u00bbdefault\u00bb custom_padding=\u00bb3px|||||\u00bb global_colors_info=\u00bb{}\u00bb][et_pb_column type=\u00bb4_4&#8243; _builder_version=\u00bb4.25.1&#8243; _module_preset=\u00bbdefault\u00bb global_colors_info=\u00bb{}\u00bb][et_pb_toggle title=\u00bbActividades\u00bb open_toggle_text_color=\u00bb#2D2D2D\u00bb _builder_version=\u00bb4.25.1&#8243; _module_preset=\u00bbdefault\u00bb title_text_color=\u00bb#2D2D2D\u00bb title_level=\u00bbh2&#8243; title_font=\u00bbArial|700|||||||\u00bb title_text_align=\u00bbcenter\u00bb title_font_size=\u00bb25px\u00bb body_font=\u00bbArial||||||||\u00bb body_text_color=\u00bb#2D2D2D\u00bb animation_style=\u00bbzoom\u00bb global_colors_info=\u00bb{}\u00bb]<\/p>\n<div class=\"flex flex-grow flex-col max-w-full\">\n<div data-message-author-role=\"assistant\" data-message-id=\"382d6938-216d-40c3-8d84-1d2efeb73b55\" dir=\"auto\" class=\"min-h-[20px] text-message flex flex-col items-start whitespace-pre-wrap break-words [.text-message+&amp;]:mt-5 juice:w-full juice:items-end overflow-x-auto gap-2\">\n<div class=\"flex w-full flex-col gap-1 juice:empty:hidden juice:first:pt-[3px]\">\n<div class=\"markdown prose w-full break-words dark:prose-invert light\">\n<ul>\n<li style=\"text-align: justify;\">Participaci\u00f3n como enlace entre la Comisi\u00f3n de Bioseguridad de la Facultad de Medicina y los laboratorios del Departamento de Microbiolog\u00eda y Parasitolog\u00eda.<\/li>\n<li style=\"text-align: justify;\">Informar a cada laboratorio sobre las recolectas de residuos peligrosos que se llevar\u00e1n a cabo.<\/li>\n<li style=\"text-align: justify;\">Apoyo y participaci\u00f3n en los cursos de manejo de residuos peligrosos impartidos por la Comisi\u00f3n de Bioseguridad.<\/li>\n<li style=\"text-align: justify;\">Vigilar el cumplimiento de los lineamientos establecidos por la Comisi\u00f3n de Bioseguridad.<\/li>\n<li style=\"text-align: justify;\">Informar sobre las modificaciones en la normatividad vigente respecto al manejo de residuos peligrosos.<\/li>\n<\/ul>\n<\/div>\n<\/div>\n<\/div>\n<\/div>\n<div class=\"mt-1 flex gap-3 empty:hidden juice:-ml-3\">\n<div class=\"items-center justify-start rounded-xl p-1 flex\">\n<div class=\"flex items-center\">\n<p><span class=\"\" data-state=\"closed\"><button class=\"rounded-lg text-token-text-secondary hover:bg-token-main-surface-secondary\"><span class=\"flex h-[30px] w-[30px] items-center justify-center\"><svg width=\"24\" height=\"24\" viewbox=\"0 0 24 24\" fill=\"none\" xmlns=\"http:\/\/www.w3.org\/2000\/svg\" class=\"icon-md-heavy\"><path fill-rule=\"evenodd\" clip-rule=\"evenodd\" d=\"M11 4.9099C11 4.47485 10.4828 4.24734 10.1621 4.54132L6.67572 7.7372C6.49129 7.90626 6.25019 8.00005 6 8.00005H4C3.44772 8.00005 3 8.44776 3 9.00005V15C3 15.5523 3.44772 16 4 16H6C6.25019 16 6.49129 16.0938 6.67572 16.2629L10.1621 19.4588C10.4828 19.7527 11 19.5252 11 19.0902V4.9099ZM8.81069 3.06701C10.4142 1.59714 13 2.73463 13 4.9099V19.0902C13 21.2655 10.4142 22.403 8.81069 20.9331L5.61102 18H4C2.34315 18 1 16.6569 1 15V9.00005C1 7.34319 2.34315 6.00005 4 6.00005H5.61102L8.81069 3.06701ZM20.3166 6.35665C20.8019 6.09313 21.409 6.27296 21.6725 6.75833C22.5191 8.3176 22.9996 10.1042 22.9996 12.0001C22.9996 13.8507 22.5418 15.5974 21.7323 17.1302C21.4744 17.6185 20.8695 17.8054 20.3811 17.5475C19.8927 17.2896 19.7059 16.6846 19.9638 16.1962C20.6249 14.9444 20.9996 13.5175 20.9996 12.0001C20.9996 10.4458 20.6064 8.98627 19.9149 7.71262C19.6514 7.22726 19.8312 6.62017 20.3166 6.35665ZM15.7994 7.90049C16.241 7.5688 16.8679 7.65789 17.1995 8.09947C18.0156 9.18593 18.4996 10.5379 18.4996 12.0001C18.4996 13.3127 18.1094 14.5372 17.4385 15.5604C17.1357 16.0222 16.5158 16.1511 16.0539 15.8483C15.5921 15.5455 15.4632 14.9255 15.766 14.4637C16.2298 13.7564 16.4996 12.9113 16.4996 12.0001C16.4996 10.9859 16.1653 10.0526 15.6004 9.30063C15.2687 8.85905 15.3578 8.23218 15.7994 7.90049Z\" fill=\"currentColor\"><\/path><\/svg><\/span><\/button><\/span><span class=\"\" data-state=\"closed\"><button class=\"rounded-lg text-token-text-secondary hover:bg-token-main-surface-secondary\"><span class=\"flex h-[30px] w-[30px] items-center justify-center\"><svg xmlns=\"http:\/\/www.w3.org\/2000\/svg\" width=\"24\" height=\"24\" fill=\"none\" viewbox=\"0 0 24 24\" class=\"icon-md-heavy\"><path fill=\"currentColor\" fill-rule=\"evenodd\" d=\"M7 5a3 3 0 0 1 3-3h9a3 3 0 0 1 3 3v9a3 3 0 0 1-3 3h-2v2a3 3 0 0 1-3 3H5a3 3 0 0 1-3-3v-9a3 3 0 0 1 3-3h2zm2 2h5a3 3 0 0 1 3 3v5h2a1 1 0 0 0 1-1V5a1 1 0 0 0-1-1h-9a1 1 0 0 0-1 1zM5 9a1 1 0 0 0-1 1v9a1 1 0 0 0 1 1h9a1 1 0 0 0 1-1v-9a1 1 0 0 0-1-1z\" clip-rule=\"evenodd\"><\/path><\/svg><\/span><\/button><\/span><span class=\"\" data-state=\"closed\"><button class=\"rounded-lg text-token-text-secondary hover:bg-token-main-surface-secondary\"><span class=\"flex h-[30px] w-[30px] items-center justify-center\"><svg xmlns=\"http:\/\/www.w3.org\/2000\/svg\" width=\"24\" height=\"24\" fill=\"none\" viewbox=\"0 0 24 24\" class=\"icon-md-heavy\"><path fill=\"currentColor\" d=\"M3.07 10.876C3.623 6.436 7.41 3 12 3a9.15 9.15 0 0 1 6.012 2.254V4a1 1 0 1 1 2 0v4a1 1 0 0 1-1 1H15a1 1 0 1 1 0-2h1.957A7.15 7.15 0 0 0 12 5a7 7 0 0 0-6.946 6.124 1 1 0 1 1-1.984-.248m16.992 1.132a1 1 0 0 1 .868 1.116C20.377 17.564 16.59 21 12 21a9.15 9.15 0 0 1-6-2.244V20a1 1 0 1 1-2 0v-4a1 1 0 0 1 1-1h4a1 1 0 1 1 0 2H7.043A7.15 7.15 0 0 0 12 19a7 7 0 0 0 6.946-6.124 1 1 0 0 1 1.116-.868\"><\/path><\/svg><\/span><\/button><\/span><\/p>\n<div class=\"flex\" style=\"text-align: justify;\"><span class=\"\" data-state=\"closed\"><button class=\"rounded-lg text-token-text-secondary hover:bg-token-main-surface-secondary\"><span class=\"flex h-[30px] w-[30px] items-center justify-center\"><svg width=\"24\" height=\"24\" viewbox=\"0 0 24 24\" fill=\"none\" xmlns=\"http:\/\/www.w3.org\/2000\/svg\" class=\"icon-md-heavy\"><path fill-rule=\"evenodd\" clip-rule=\"evenodd\" d=\"M11.8727 21.4961C11.6725 21.8466 11.2811 22.0423 10.8805 21.9922L10.4267 21.9355C7.95958 21.6271 6.36855 19.1665 7.09975 16.7901L7.65054 15H6.93226C4.29476 15 2.37923 12.4921 3.0732 9.94753L4.43684 4.94753C4.91145 3.20728 6.49209 2 8.29589 2H18.0045C19.6614 2 21.0045 3.34315 21.0045 5V12C21.0045 13.6569 19.6614 15 18.0045 15H16.0045C15.745 15 15.5054 15.1391 15.3766 15.3644L11.8727 21.4961ZM14.0045 4H8.29589C7.39399 4 6.60367 4.60364 6.36637 5.47376L5.00273 10.4738C4.65574 11.746 5.61351 13 6.93226 13H9.00451C9.32185 13 9.62036 13.1506 9.8089 13.4059C9.99743 13.6612 10.0536 13.9908 9.96028 14.2941L9.01131 17.3782C8.6661 18.5002 9.35608 19.6596 10.4726 19.9153L13.6401 14.3721C13.9523 13.8258 14.4376 13.4141 15.0045 13.1902V5C15.0045 4.44772 14.5568 4 14.0045 4ZM17.0045 13V5C17.0045 4.64937 16.9444 4.31278 16.8338 4H18.0045C18.5568 4 19.0045 4.44772 19.0045 5V12C19.0045 12.5523 18.5568 13 18.0045 13H17.0045Z\" fill=\"currentColor\"><\/path><\/svg><\/span><\/button><\/span><\/div>\n<div class=\"flex items-center pb-0.5 juice:pb-0\" style=\"text-align: justify;\"><\/div>\n<\/div>\n<\/div>\n<\/div>\n<p>[\/et_pb_toggle][\/et_pb_column][\/et_pb_row][\/et_pb_section][et_pb_section fb_built=\u00bb1&#8243; fullwidth=\u00bbon\u00bb _builder_version=\u00bb4.25.1&#8243; _module_preset=\u00bbdefault\u00bb animation_style=\u00bbzoom\u00bb global_colors_info=\u00bb{}\u00bb][et_pb_fullwidth_header title=\u00bbDocumentos importantes\u00bb _builder_version=\u00bb4.25.1&#8243; title_text_align=\u00bbcenter\u00bb title_text_color=\u00bb#021059&#8243; title_font_size=\u00bb45px\u00bb background_color=\u00bbRGBA(255,255,255,0)\u00bb background_enable_image=\u00bboff\u00bb height=\u00bb137px\u00bb custom_margin=\u00bb||-39px|||\u00bb custom_padding=\u00bb26px||30px|||\u00bb hover_enabled=\u00bb0&#8243; global_colors_info=\u00bb{}\u00bb sticky_enabled=\u00bb0&#8243;][\/et_pb_fullwidth_header][\/et_pb_section][et_pb_section fb_built=\u00bb1&#8243; _builder_version=\u00bb4.25.1&#8243; _module_preset=\u00bbdefault\u00bb min_height=\u00bb306.1px\u00bb custom_padding=\u00bb21px||27px|||\u00bb animation_style=\u00bbzoom\u00bb global_colors_info=\u00bb{}\u00bb][et_pb_row column_structure=\u00bb1_3,1_3,1_3&#8243; _builder_version=\u00bb4.25.1&#8243; _module_preset=\u00bbdefault\u00bb min_height=\u00bb294.3px\u00bb custom_padding=\u00bb7px||9px|||\u00bb global_colors_info=\u00bb{}\u00bb][et_pb_column type=\u00bb1_3&#8243; _builder_version=\u00bb4.25.1&#8243; _module_preset=\u00bbdefault\u00bb global_colors_info=\u00bb{}\u00bb][et_pb_image src=\u00bbhttps:\/\/microypara.facmed.unam.mx\/wp-content\/uploads\/2024\/06\/1.png\u00bb title_text=\u00bb1&#8243; url=\u00bbhttps:\/\/microypara.facmed.unam.mx\/wp-content\/uploads\/2024\/06\/Calendario-de-Recolectas-de-Bioseguridad-2024.pdf\u00bb url_new_window=\u00bbon\u00bb align=\u00bbcenter\u00bb _builder_version=\u00bb4.25.1&#8243; _module_preset=\u00bbdefault\u00bb global_colors_info=\u00bb{}\u00bb][\/et_pb_image][\/et_pb_column][et_pb_column type=\u00bb1_3&#8243; _builder_version=\u00bb4.25.1&#8243; _module_preset=\u00bbdefault\u00bb global_colors_info=\u00bb{}\u00bb][et_pb_image src=\u00bbhttps:\/\/microypara.facmed.unam.mx\/wp-content\/uploads\/2024\/06\/2-1.png\u00bb title_text=\u00bb2&#8243; url=\u00bbhttps:\/\/microypara.facmed.unam.mx\/wp-content\/uploads\/2022\/06\/D-Manual-de-procedimientos-para-el-manejo-tratamiento-y-disposicio\u0301n-de-residuos-peligrosos.pdf\u00bb url_new_window=\u00bbon\u00bb _builder_version=\u00bb4.25.1&#8243; _module_preset=\u00bbdefault\u00bb global_colors_info=\u00bb{}\u00bb][\/et_pb_image][\/et_pb_column][et_pb_column type=\u00bb1_3&#8243; _builder_version=\u00bb4.25.1&#8243; _module_preset=\u00bbdefault\u00bb global_colors_info=\u00bb{}\u00bb][et_pb_image src=\u00bbhttps:\/\/microypara.facmed.unam.mx\/wp-content\/uploads\/2024\/06\/3-1.png\u00bb title_text=\u00bb3&#8243; url=\u00bbhttps:\/\/microypara.facmed.unam.mx\/wp-content\/uploads\/2022\/06\/C-Manual-de-procedimientos-Comision-de-bioseguridad.pdf\u00bb url_new_window=\u00bbon\u00bb align=\u00bbcenter\u00bb _builder_version=\u00bb4.25.1&#8243; _module_preset=\u00bbdefault\u00bb global_colors_info=\u00bb{}\u00bb][\/et_pb_image][\/et_pb_column][\/et_pb_row][\/et_pb_section][et_pb_section fb_built=\u00bb1&#8243; fullwidth=\u00bbon\u00bb _builder_version=\u00bb4.25.1&#8243; _module_preset=\u00bbdefault\u00bb animation_style=\u00bbzoom\u00bb global_colors_info=\u00bb{}\u00bb][et_pb_fullwidth_header title=\u00bbEtiquetas y Formatos para Residuos\u00bb _builder_version=\u00bb4.25.1&#8243; title_text_align=\u00bbcenter\u00bb title_text_color=\u00bb#021059&#8243; title_font_size=\u00bb45px\u00bb background_color=\u00bbRGBA(255,255,255,0)\u00bb background_enable_image=\u00bboff\u00bb height=\u00bb96px\u00bb custom_padding=\u00bb20px||3px|||\u00bb hover_enabled=\u00bb0&#8243; global_colors_info=\u00bb{}\u00bb sticky_enabled=\u00bb0&#8243;][\/et_pb_fullwidth_header][\/et_pb_section][et_pb_section fb_built=\u00bb1&#8243; _builder_version=\u00bb4.25.1&#8243; _module_preset=\u00bbdefault\u00bb custom_padding=\u00bb7px||0px|||\u00bb animation_style=\u00bbzoom\u00bb global_colors_info=\u00bb{}\u00bb][et_pb_row column_structure=\u00bb1_6,1_6,1_6,1_6,1_6,1_6&#8243; _builder_version=\u00bb4.25.1&#8243; _module_preset=\u00bbdefault\u00bb min_height=\u00bb336.2px\u00bb custom_margin=\u00bb|auto|-5px|auto||\u00bb custom_padding=\u00bb0px||0px|||\u00bb global_colors_info=\u00bb{}\u00bb][et_pb_column type=\u00bb1_6&#8243; _builder_version=\u00bb4.25.1&#8243; _module_preset=\u00bbdefault\u00bb global_colors_info=\u00bb{}\u00bb][et_pb_image src=\u00bbhttps:\/\/microypara.facmed.unam.mx\/wp-content\/uploads\/2024\/06\/4-2.png\u00bb title_text=\u00bb4&#8243; url=\u00bbhttps:\/\/microypara.facmed.unam.mx\/wp-content\/uploads\/2024\/06\/Etiqueta-para-Residuo-Biologico-RPBI.docx\u00bb url_new_window=\u00bbon\u00bb align=\u00bbcenter\u00bb _builder_version=\u00bb4.25.1&#8243; _module_preset=\u00bbdefault\u00bb global_colors_info=\u00bb{}\u00bb][\/et_pb_image][et_pb_image src=\u00bbhttps:\/\/microypara.facmed.unam.mx\/wp-content\/uploads\/2024\/06\/5-2.png\u00bb title_text=\u00bb5&#8243; url=\u00bbhttps:\/\/microypara.facmed.unam.mx\/wp-content\/uploads\/2024\/06\/Etiqueta-para-Residuo-Biologico-RPBI.pdf\u00bb url_new_window=\u00bbon\u00bb _builder_version=\u00bb4.25.1&#8243; _module_preset=\u00bbdefault\u00bb global_colors_info=\u00bb{}\u00bb][\/et_pb_image][\/et_pb_column][et_pb_column type=\u00bb1_6&#8243; _builder_version=\u00bb4.25.1&#8243; _module_preset=\u00bbdefault\u00bb global_colors_info=\u00bb{}\u00bb][et_pb_image src=\u00bbhttps:\/\/microypara.facmed.unam.mx\/wp-content\/uploads\/2024\/06\/6-1.png\u00bb title_text=\u00bb6&#8243; url=\u00bbhttps:\/\/microypara.facmed.unam.mx\/wp-content\/uploads\/2024\/06\/Etiqueta-para-Residuo-Patologico.docx\u00bb url_new_window=\u00bbon\u00bb _builder_version=\u00bb4.25.1&#8243; _module_preset=\u00bbdefault\u00bb global_colors_info=\u00bb{}\u00bb][\/et_pb_image][et_pb_image src=\u00bbhttps:\/\/microypara.facmed.unam.mx\/wp-content\/uploads\/2024\/06\/7-1.png\u00bb title_text=\u00bb7&#8243; url=\u00bbhttps:\/\/microypara.facmed.unam.mx\/wp-content\/uploads\/2024\/06\/Etiqueta-para-Residuo-Patologico.pdf\u00bb url_new_window=\u00bbon\u00bb _builder_version=\u00bb4.25.1&#8243; _module_preset=\u00bbdefault\u00bb global_colors_info=\u00bb{}\u00bb][\/et_pb_image][\/et_pb_column][et_pb_column type=\u00bb1_6&#8243; _builder_version=\u00bb4.25.1&#8243; _module_preset=\u00bbdefault\u00bb global_colors_info=\u00bb{}\u00bb][et_pb_image src=\u00bbhttps:\/\/microypara.facmed.unam.mx\/wp-content\/uploads\/2024\/06\/9-1.png\u00bb title_text=\u00bb9&#8243; url=\u00bbhttps:\/\/microypara.facmed.unam.mx\/wp-content\/uploads\/2024\/06\/Etiqueta_para_Residuo_Quimico-Editable.pdf\u00bb url_new_window=\u00bbon\u00bb _builder_version=\u00bb4.25.1&#8243; _module_preset=\u00bbdefault\u00bb global_colors_info=\u00bb{}\u00bb][\/et_pb_image][et_pb_image src=\u00bbhttps:\/\/microypara.facmed.unam.mx\/wp-content\/uploads\/2024\/06\/13-1.png\u00bb title_text=\u00bb13&#8243; url=\u00bbhttps:\/\/microypara.facmed.unam.mx\/wp-content\/uploads\/2024\/06\/Formato_para_Residuos_Quimicos_2023.pdf\u00bb url_new_window=\u00bbon\u00bb _builder_version=\u00bb4.25.1&#8243; _module_preset=\u00bbdefault\u00bb global_colors_info=\u00bb{}\u00bb][\/et_pb_image][\/et_pb_column][et_pb_column type=\u00bb1_6&#8243; _builder_version=\u00bb4.25.1&#8243; _module_preset=\u00bbdefault\u00bb global_colors_info=\u00bb{}\u00bb][et_pb_image src=\u00bbhttps:\/\/microypara.facmed.unam.mx\/wp-content\/uploads\/2024\/06\/10-1.png\u00bb title_text=\u00bb10&#8243; url=\u00bbhttps:\/\/microypara.facmed.unam.mx\/wp-content\/uploads\/2024\/06\/Etiqueta-polvo-quimico2.docx\u00bb url_new_window=\u00bbon\u00bb _builder_version=\u00bb4.25.1&#8243; _module_preset=\u00bbdefault\u00bb global_colors_info=\u00bb{}\u00bb][\/et_pb_image][et_pb_image src=\u00bbhttps:\/\/microypara.facmed.unam.mx\/wp-content\/uploads\/2024\/06\/11-1.png\u00bb title_text=\u00bb11&#8243; url=\u00bbhttps:\/\/microypara.facmed.unam.mx\/wp-content\/uploads\/2024\/06\/Etiqueta-polvo-quimico2.pdf\u00bb url_new_window=\u00bbon\u00bb _builder_version=\u00bb4.25.1&#8243; _module_preset=\u00bbdefault\u00bb global_colors_info=\u00bb{}\u00bb][\/et_pb_image][\/et_pb_column][et_pb_column type=\u00bb1_6&#8243; _builder_version=\u00bb4.25.1&#8243; _module_preset=\u00bbdefault\u00bb global_colors_info=\u00bb{}\u00bb][et_pb_image src=\u00bbhttps:\/\/microypara.facmed.unam.mx\/wp-content\/uploads\/2024\/06\/16-1.png\u00bb title_text=\u00bb16&#8243; url=\u00bbhttps:\/\/microypara.facmed.unam.mx\/wp-content\/uploads\/2024\/06\/Formato_Reporte_Incidentes.docx\u00bb url_new_window=\u00bbon\u00bb _builder_version=\u00bb4.25.1&#8243; _module_preset=\u00bbdefault\u00bb global_colors_info=\u00bb{}\u00bb][\/et_pb_image][et_pb_image src=\u00bbhttps:\/\/microypara.facmed.unam.mx\/wp-content\/uploads\/2024\/06\/17-1.png\u00bb title_text=\u00bb17&#8243; url=\u00bbhttps:\/\/microypara.facmed.unam.mx\/wp-content\/uploads\/2024\/06\/Formato_Reporte_Incidentes-.pdf\u00bb url_new_window=\u00bbon\u00bb _builder_version=\u00bb4.25.1&#8243; _module_preset=\u00bbdefault\u00bb global_colors_info=\u00bb{}\u00bb][\/et_pb_image][\/et_pb_column][et_pb_column type=\u00bb1_6&#8243; _builder_version=\u00bb4.25.1&#8243; _module_preset=\u00bbdefault\u00bb global_colors_info=\u00bb{}\u00bb][et_pb_image src=\u00bbhttps:\/\/microypara.facmed.unam.mx\/wp-content\/uploads\/2024\/06\/14-1.png\u00bb title_text=\u00bb14&#8243; url=\u00bbhttps:\/\/microypara.facmed.unam.mx\/wp-content\/uploads\/2024\/06\/Formato_para_RPBI_2023.docx\u00bb url_new_window=\u00bbon\u00bb _builder_version=\u00bb4.25.1&#8243; _module_preset=\u00bbdefault\u00bb global_colors_info=\u00bb{}\u00bb][\/et_pb_image][et_pb_image src=\u00bbhttps:\/\/microypara.facmed.unam.mx\/wp-content\/uploads\/2024\/06\/15-1.png\u00bb title_text=\u00bb15&#8243; url=\u00bbhttps:\/\/microypara.facmed.unam.mx\/wp-content\/uploads\/2024\/06\/Formato_para_RPBI_2023.pdf\u00bb url_new_window=\u00bbon\u00bb _builder_version=\u00bb4.25.1&#8243; _module_preset=\u00bbdefault\u00bb global_colors_info=\u00bb{}\u00bb][\/et_pb_image][\/et_pb_column][\/et_pb_row][\/et_pb_section]<\/p>\n","protected":false},"excerpt":{"rendered":"<p>QFB Ang\u00e9lica Reyes Torres Responsable de \u00e1reaDatos de contacto:\u00a0 \u00a0bioseguridad_myp@unam.mx 55 5623 2389 Participaci\u00f3n como enlace entre la Comisi\u00f3n de Bioseguridad de la Facultad de Medicina y los laboratorios del Departamento de Microbiolog\u00eda y Parasitolog\u00eda. Informar a cada laboratorio sobre las recolectas de residuos peligrosos que se llevar\u00e1n a cabo. Apoyo y participaci\u00f3n en los [&hellip;]<\/p>\n","protected":false},"author":3,"featured_media":0,"parent":0,"menu_order":0,"comment_status":"closed","ping_status":"closed","template":"","meta":{"_et_pb_use_builder":"on","_et_pb_old_content":"","_et_gb_content_width":"","footnotes":""},"class_list":["post-5202","page","type-page","status-publish","hentry"],"jetpack_sharing_enabled":true,"_links":{"self":[{"href":"https:\/\/microypara.facmed.unam.mx\/index.php\/wp-json\/wp\/v2\/pages\/5202","targetHints":{"allow":["GET"]}}],"collection":[{"href":"https:\/\/microypara.facmed.unam.mx\/index.php\/wp-json\/wp\/v2\/pages"}],"about":[{"href":"https:\/\/microypara.facmed.unam.mx\/index.php\/wp-json\/wp\/v2\/types\/page"}],"author":[{"embeddable":true,"href":"https:\/\/microypara.facmed.unam.mx\/index.php\/wp-json\/wp\/v2\/users\/3"}],"replies":[{"embeddable":true,"href":"https:\/\/microypara.facmed.unam.mx\/index.php\/wp-json\/wp\/v2\/comments?post=5202"}],"version-history":[{"count":20,"href":"https:\/\/microypara.facmed.unam.mx\/index.php\/wp-json\/wp\/v2\/pages\/5202\/revisions"}],"predecessor-version":[{"id":6156,"href":"https:\/\/microypara.facmed.unam.mx\/index.php\/wp-json\/wp\/v2\/pages\/5202\/revisions\/6156"}],"wp:attachment":[{"href":"https:\/\/microypara.facmed.unam.mx\/index.php\/wp-json\/wp\/v2\/media?parent=5202"}],"curies":[{"name":"wp","href":"https:\/\/api.w.org\/{rel}","templated":true}]}}