{"id":5218,"date":"2024-06-13T19:04:58","date_gmt":"2024-06-13T19:04:58","guid":{"rendered":"https:\/\/microypara.facmed.unam.mx\/?page_id=5218"},"modified":"2026-03-17T21:14:26","modified_gmt":"2026-03-17T21:14:26","slug":"area-de-equipos","status":"publish","type":"page","link":"https:\/\/microypara.facmed.unam.mx\/index.php\/area-de-equipos\/","title":{"rendered":"\u00c1rea de Equipos"},"content":{"rendered":"<p>[et_pb_section fb_built=\u00bb1&#8243; fullwidth=\u00bbon\u00bb _builder_version=\u00bb4.16&#8243; global_colors_info=\u00bb{}\u00bb][et_pb_fullwidth_header title=\u00bb\u00c1rea de Equipos\u00bb _builder_version=\u00bb4.25.1&#8243; title_font=\u00bbArial||||||||\u00bb title_text_align=\u00bbcenter\u00bb title_text_color=\u00bb#021059&#8243; title_font_size=\u00bb45px\u00bb background_color=\u00bbRGBA(255,255,255,0)\u00bb background_enable_image=\u00bboff\u00bb custom_padding=\u00bb12px||3px|||\u00bb hover_enabled=\u00bb0&#8243; global_colors_info=\u00bb{}\u00bb sticky_enabled=\u00bb0&#8243;][\/et_pb_fullwidth_header][\/et_pb_section][et_pb_section fb_built=\u00bb1&#8243; _builder_version=\u00bb4.25.1&#8243; _module_preset=\u00bbdefault\u00bb custom_padding=\u00bb2px|||||\u00bb animation_style=\u00bbzoom\u00bb global_colors_info=\u00bb{}\u00bb][et_pb_row column_structure=\u00bb2_5,3_5&#8243; _builder_version=\u00bb4.25.1&#8243; _module_preset=\u00bbdefault\u00bb min_height=\u00bb419.1px\u00bb custom_padding=\u00bb2px||9px|||\u00bb global_colors_info=\u00bb{}\u00bb][et_pb_column type=\u00bb2_5&#8243; _builder_version=\u00bb4.25.1&#8243; _module_preset=\u00bbdefault\u00bb global_colors_info=\u00bb{}\u00bb][et_pb_image src=\u00bbhttps:\/\/microypara.facmed.unam.mx\/wp-content\/uploads\/2024\/06\/5.png\u00bb title_text=\u00bb5&#8243; align=\u00bbcenter\u00bb _builder_version=\u00bb4.25.1&#8243; _module_preset=\u00bbdefault\u00bb global_colors_info=\u00bb{}\u00bb][\/et_pb_image][\/et_pb_column][et_pb_column type=\u00bb3_5&#8243; _builder_version=\u00bb4.25.1&#8243; _module_preset=\u00bbdefault\u00bb global_colors_info=\u00bb{}\u00bb][et_pb_text _builder_version=\u00bb4.25.1&#8243; _module_preset=\u00bbdefault\u00bb text_font=\u00bbArial||||||||\u00bb custom_margin=\u00bb60px||||false|false\u00bb global_colors_info=\u00bb{}\u00bb]<\/p>\n<h1 class=\"p1\" style=\"text-align: center;\"><span style=\"color: #000000;\"><b>Bi\u00f3l. Olivia Alicia Reynoso Ducoing\u00a0<\/b><\/span><\/h1>\n<h1 class=\"p1\" style=\"text-align: center;\"><span style=\"color: #000000;\">Responsable de \u00e1rea<\/span><\/h1>\n<p>[\/et_pb_text][et_pb_text _builder_version=\u00bb4.25.1&#8243; _module_preset=\u00bbdefault\u00bb text_font=\u00bbArial||||||||\u00bb header_font=\u00bbArial||||||||\u00bb global_colors_info=\u00bb{}\u00bb]<\/p>\n<h2 class=\"p1\" style=\"text-align: center;\"><span style=\"color: #000000;\"><strong>Equipo de trabajo<\/strong><\/span><\/h2>\n<h5 class=\"p1\" style=\"text-align: center;\">Diego Alejandro Falc\u00f3n Celis \/Adscrito al Laboratorio de Biolog\u00eda de Par\u00e1sitos<\/h5>\n<h5 class=\"p1\" style=\"text-align: center;\">Isabel Garc\u00eda Luna \/Adscrita al Laboratorio de Autoclaves<\/h5>\n<p>[\/et_pb_text][et_pb_text _builder_version=\u00bb4.25.1&#8243; _module_preset=\u00bbdefault\u00bb text_font=\u00bbArial||||||||\u00bb custom_margin=\u00bb20px||||false|false\u00bb global_colors_info=\u00bb{}\u00bb]<\/p>\n<h4 class=\"p1\" style=\"text-align: center;\"><span style=\"color: #000000;\"><strong>Datos de contacto:<\/strong><\/span><\/h4>\n<h4 class=\"p1\" style=\"text-align: center;\"><span style=\"color: #000000;\">oard@unam.mx<\/span><\/h4>\n<h4 class=\"p1\" style=\"text-align: center;\"><span style=\"color: #000000;\">55 5623 2464<\/span><\/h4>\n<h4 class=\"p1\" style=\"text-align: center;\"><span style=\"color: #000000;\">55 5623 2468<\/span><\/h4>\n<p>[\/et_pb_text][\/et_pb_column][\/et_pb_row][et_pb_row _builder_version=\u00bb4.25.1&#8243; _module_preset=\u00bbdefault\u00bb custom_padding=\u00bb4px|||||\u00bb global_colors_info=\u00bb{}\u00bb][et_pb_column type=\u00bb4_4&#8243; _builder_version=\u00bb4.25.1&#8243; _module_preset=\u00bbdefault\u00bb global_colors_info=\u00bb{}\u00bb][et_pb_toggle title=\u00bbActividades\u00bb open_toggle_text_color=\u00bb#2D2D2D\u00bb _builder_version=\u00bb4.25.1&#8243; _module_preset=\u00bbdefault\u00bb title_text_color=\u00bb#2D2D2D\u00bb title_level=\u00bbh2&#8243; title_font=\u00bbArial|700|||||||\u00bb title_text_align=\u00bbcenter\u00bb title_font_size=\u00bb25px\u00bb body_font=\u00bbArial||||||||\u00bb body_text_color=\u00bb#2D2D2D\u00bb text_orientation=\u00bbcenter\u00bb global_colors_info=\u00bb{}\u00bb]<\/p>\n<p><span class=\"s1\"><\/span><\/p>\n<p style=\"text-align: justify;\"><b>Mantenimiento y Organizaci\u00f3n General<\/b><\/p>\n<ul class=\"ul1\" style=\"text-align: justify;\">\n<li class=\"li1\"><span class=\"s1\"><\/span>Mantener en funcionamiento constante los equipos del departamento.<\/li>\n<li class=\"li1\"><span class=\"s1\"><\/span>Organizar la distribuci\u00f3n y utilizaci\u00f3n de los productos y equipos por los usuarios del Departamento.<\/li>\n<li class=\"li1\"><span class=\"s1\"><\/span>Gestionar tr\u00e1mites administrativos para la compra de p\u00f3lizas anuales de servicio, reparaciones, consumibles y pagos a proveedores.<\/li>\n<li class=\"li1\"><span class=\"s1\"><\/span>Realizar los servicios b\u00e1sicos de mantenimiento necesarios para los equipos.<\/li>\n<\/ul>\n<p style=\"text-align: justify;\"><b>Equipo Elix (Productor de Agua Tipo II)<\/b><\/p>\n<ul class=\"ul1\" style=\"text-align: justify;\">\n<li class=\"li1\"><span class=\"s1\"><\/span>Generar agua libre de contaminantes org\u00e1nicos e inorg\u00e1nicos mayores a 5 \u00b5m, obteniendo hasta 4 garrafones diarios de 18 litros cada uno.<\/li>\n<li class=\"li1\"><span class=\"s1\"><\/span>Solicitar anualmente la autorizaci\u00f3n de la jefa de Departamento para la compra de una p\u00f3liza de servicio y mantenimiento.<\/li>\n<li class=\"li1\"><span class=\"s1\"><\/span>Comprar los consumibles necesarios y realizar lavados mensuales y trimestrales con cloro, \u00e1cido y base a m\u00f3dulos con membranas.<\/li>\n<li class=\"li1\"><span class=\"s1\"><\/span>Cambiar los filtros cada tres y seis meses para mantener los est\u00e1ndares de purificaci\u00f3n del agua.<\/li>\n<li class=\"li1\"><span class=\"s1\"><\/span>Coordinar con el Auxiliar de Laboratorio Alejandro Falc\u00f3n Celis para el mantenimiento del equipo.<\/li>\n<\/ul>\n<p style=\"text-align: justify;\"><b>M\u00e1quina Productora de Hielo Frapp\u00e9<\/b><\/p>\n<ul class=\"ul1\" style=\"text-align: justify;\">\n<li class=\"li1\"><span class=\"s1\"><\/span>Solicitar un mantenimiento anual para el cambio de filtros y drenaje de mangueras y tuber\u00edas debido a los contaminantes del agua de la red municipal.<\/li>\n<li class=\"li1\"><span class=\"s1\"><\/span>Encender y apagar el equipo diariamente.<\/li>\n<li class=\"li1\"><span class=\"s1\"><\/span>Supervisar la producci\u00f3n de hielo conforme a los requerimientos de los laboratorios.<\/li>\n<\/ul>\n<p style=\"text-align: justify;\"><b>Ultracentr\u00edfuga Refrigerada<\/b><\/p>\n<ul class=\"ul1\" style=\"text-align: justify;\">\n<li class=\"li1\"><span class=\"s1\"><\/span>Verificar el correcto funcionamiento de la ultracentr\u00edfuga.<\/li>\n<li class=\"li1\"><span class=\"s1\"><\/span>Solicitar las reparaciones necesarias para asegurar su operaci\u00f3n \u00f3ptima.<\/li>\n<\/ul>\n<p style=\"text-align: justify;\"><b>Autoclaves (Estacionaria y Vertical de 95 L)<\/b><\/p>\n<ul class=\"ul1\">\n<li class=\"li1\" style=\"text-align: justify;\"><span class=\"s1\"><\/span>Verificar el funcionamiento de los autoclaves y cotejar la eficiencia de la esterilizaci\u00f3n a 121\u00b0C con 15 libras de presi\u00f3n, de 20 a 40 minutos seg\u00fan el volumen y densidad del material seco, y 20 minutos a escape lento para material l\u00edquido.<\/li>\n<li class=\"li1\" style=\"text-align: justify;\"><span class=\"s1\"><\/span>Organizar con los usuarios los d\u00edas de servicio para maximizar la capacidad de los equipos.<\/li>\n<li class=\"li1\" style=\"text-align: justify;\"><span class=\"s1\"><\/span>Coordinar con la Laboratorista Mar\u00eda Isabel Garc\u00eda Luna, quien se encarga del manejo de las autoclaves y verifica las condiciones de los materiales antes y despu\u00e9s de la esterilizaci\u00f3n.<\/li>\n<li class=\"li1\" style=\"text-align: justify;\"><span class=\"s1\"><\/span>Solicitar reparaciones y verificar el funcionamiento \u00f3ptimo en caso de desperfectos o mal funcionamiento.<\/li>\n<li class=\"li1\" style=\"text-align: justify;\"><span class=\"s1\"><\/span>Establecer un reglamento para la preparaci\u00f3n y entrega del material a procesar por parte de los usuarios.<\/li>\n<\/ul>\n<p>&nbsp;<\/p>\n<p>[\/et_pb_toggle][\/et_pb_column][\/et_pb_row][\/et_pb_section]<\/p>\n","protected":false},"excerpt":{"rendered":"<p>Bi\u00f3l. Olivia Alicia Reynoso Ducoing\u00a0 Responsable de \u00e1reaEquipo de trabajo Diego Alejandro Falc\u00f3n Celis \/Adscrito al Laboratorio de Biolog\u00eda de Par\u00e1sitos Isabel Garc\u00eda Luna \/Adscrita al Laboratorio de AutoclavesDatos de contacto: oard@unam.mx 55 5623 2464 55 5623 2468 Mantenimiento y Organizaci\u00f3n General Mantener en funcionamiento constante los equipos del departamento. Organizar la distribuci\u00f3n y utilizaci\u00f3n [&hellip;]<\/p>\n","protected":false},"author":3,"featured_media":0,"parent":0,"menu_order":0,"comment_status":"closed","ping_status":"closed","template":"","meta":{"_et_pb_use_builder":"on","_et_pb_old_content":"","_et_gb_content_width":"","footnotes":""},"class_list":["post-5218","page","type-page","status-publish","hentry"],"jetpack_sharing_enabled":true,"_links":{"self":[{"href":"https:\/\/microypara.facmed.unam.mx\/index.php\/wp-json\/wp\/v2\/pages\/5218","targetHints":{"allow":["GET"]}}],"collection":[{"href":"https:\/\/microypara.facmed.unam.mx\/index.php\/wp-json\/wp\/v2\/pages"}],"about":[{"href":"https:\/\/microypara.facmed.unam.mx\/index.php\/wp-json\/wp\/v2\/types\/page"}],"author":[{"embeddable":true,"href":"https:\/\/microypara.facmed.unam.mx\/index.php\/wp-json\/wp\/v2\/users\/3"}],"replies":[{"embeddable":true,"href":"https:\/\/microypara.facmed.unam.mx\/index.php\/wp-json\/wp\/v2\/comments?post=5218"}],"version-history":[{"count":6,"href":"https:\/\/microypara.facmed.unam.mx\/index.php\/wp-json\/wp\/v2\/pages\/5218\/revisions"}],"predecessor-version":[{"id":6157,"href":"https:\/\/microypara.facmed.unam.mx\/index.php\/wp-json\/wp\/v2\/pages\/5218\/revisions\/6157"}],"wp:attachment":[{"href":"https:\/\/microypara.facmed.unam.mx\/index.php\/wp-json\/wp\/v2\/media?parent=5218"}],"curies":[{"name":"wp","href":"https:\/\/api.w.org\/{rel}","templated":true}]}}