{"id":5781,"date":"2025-10-23T19:39:15","date_gmt":"2025-10-23T19:39:15","guid":{"rendered":"https:\/\/microypara.facmed.unam.mx\/?page_id=5781"},"modified":"2025-10-23T20:04:25","modified_gmt":"2025-10-23T20:04:25","slug":"nosotros-como-departamento","status":"publish","type":"page","link":"https:\/\/microypara.facmed.unam.mx\/index.php\/nosotros-como-departamento\/","title":{"rendered":"Nosotros como Departamento"},"content":{"rendered":"<p>[et_pb_section fb_built=\u00bb1&#8243; _builder_version=\u00bb4.25.1&#8243; _module_preset=\u00bbdefault\u00bb hover_enabled=\u00bb0&#8243; global_colors_info=\u00bb{}\u00bb animation_style=\u00bbzoom\u00bb sticky_enabled=\u00bb0&#8243;][et_pb_row column_structure=\u00bb1_2,1_2&#8243; _builder_version=\u00bb4.25.1&#8243; _module_preset=\u00bbdefault\u00bb global_colors_info=\u00bb{}\u00bb][et_pb_column type=\u00bb1_2&#8243; _builder_version=\u00bb4.25.1&#8243; _module_preset=\u00bbdefault\u00bb global_colors_info=\u00bb{}\u00bb][et_pb_blurb image=\u00bbhttps:\/\/microypara.facmed.unam.mx\/wp-content\/uploads\/2025\/10\/Captura-de-Pantalla-2025-10-23-a-las-13.44.42.png\u00bb _builder_version=\u00bb4.25.1&#8243; _module_preset=\u00bbdefault\u00bb global_colors_info=\u00bb{}\u00bb][\/et_pb_blurb][\/et_pb_column][et_pb_column type=\u00bb1_2&#8243; _builder_version=\u00bb4.25.1&#8243; _module_preset=\u00bbdefault\u00bb global_colors_info=\u00bb{}\u00bb][et_pb_blurb title=\u00bbEl Departamento de Microbiolog\u00eda y Parasitolog\u00eda surgi\u00f3 como una respuesta a la creciente importancia de estas disciplinas en la medicina y salud p\u00fablica en M\u00e9xico.\u00bb _builder_version=\u00bb4.25.1&#8243; _module_preset=\u00bbdefault\u00bb header_font=\u00bbArial||||||||\u00bb header_text_align=\u00bbcenter\u00bb header_text_color=\u00bb#2D2D2D\u00bb header_font_size=\u00bb24px\u00bb text_orientation=\u00bbcenter\u00bb hover_enabled=\u00bb0&#8243; global_colors_info=\u00bb{}\u00bb animation_style=\u00bbzoom\u00bb sticky_enabled=\u00bb0&#8243;][\/et_pb_blurb][\/et_pb_column][\/et_pb_row][et_pb_row column_structure=\u00bb1_2,1_2&#8243; _builder_version=\u00bb4.25.1&#8243; _module_preset=\u00bbdefault\u00bb hover_enabled=\u00bb0&#8243; global_colors_info=\u00bb{}\u00bb animation_style=\u00bbzoom\u00bb sticky_enabled=\u00bb0&#8243;][et_pb_column type=\u00bb1_2&#8243; _builder_version=\u00bb4.25.1&#8243; _module_preset=\u00bbdefault\u00bb global_colors_info=\u00bb{}\u00bb][et_pb_image src=\u00bbhttps:\/\/microypara.facmed.unam.mx\/wp-content\/uploads\/2025\/10\/Captura-de-Pantalla-2025-10-23-a-las-13.33.13.png\u00bb title_text=\u00bbCaptura de Pantalla 2025-10-23 a la(s) 13.33.13&#8243; _builder_version=\u00bb4.25.1&#8243; _module_preset=\u00bbdefault\u00bb global_colors_info=\u00bb{}\u00bb][\/et_pb_image][\/et_pb_column][et_pb_column type=\u00bb1_2&#8243; _builder_version=\u00bb4.25.1&#8243; _module_preset=\u00bbdefault\u00bb global_colors_info=\u00bb{}\u00bb][et_pb_accordion _builder_version=\u00bb4.25.1&#8243; _module_preset=\u00bbdefault\u00bb global_colors_info=\u00bb{}\u00bb][et_pb_accordion_item title=\u00bbMisi\u00f3n u objetivo\u00bb open=\u00bbon\u00bb open_toggle_text_color=\u00bb#2D2D2D\u00bb _builder_version=\u00bb4.25.1&#8243; _module_preset=\u00bbdefault\u00bb body_font=\u00bbArial||||||||\u00bb body_text_color=\u00bb#2D2D2D\u00bb body_font_size=\u00bb18px\u00bb global_colors_info=\u00bb{}\u00bb toggle_text_color=\u00bb#2D2D2D\u00bb toggle_font=\u00bbArial||||||||\u00bb toggle_text_align=\u00bbcenter\u00bb toggle_font_size=\u00bb20px\u00bb]<\/p>\n<p><span class=\"a_GcMg font-feature-liga-off font-feature-clig-off font-feature-calt-off text-decoration-none text-strikethrough-none\">Lograr que las y los estudiantes del segundo a\u00f1o de la Licenciatura de M\u00e9dico Cirujano integren los conocimientos de Bacteriolog\u00eda, Virolog\u00eda, Micolog\u00eda y Parasitolog\u00eda, para una mejor comprensi\u00f3n del da\u00f1o que estos microorganismos pueden ocasionarle al hu\u00e9sped.<\/span><\/p>\n<p>[\/et_pb_accordion_item][\/et_pb_accordion][\/et_pb_column][\/et_pb_row][et_pb_row _builder_version=\u00bb4.25.1&#8243; _module_preset=\u00bbdefault\u00bb hover_enabled=\u00bb0&#8243; global_colors_info=\u00bb{}\u00bb sticky_enabled=\u00bb0&#8243; animation_style=\u00bbzoom\u00bb][et_pb_column type=\u00bb4_4&#8243; _builder_version=\u00bb4.25.1&#8243; _module_preset=\u00bbdefault\u00bb global_colors_info=\u00bb{}\u00bb][et_pb_accordion _builder_version=\u00bb4.25.1&#8243; _module_preset=\u00bbdefault\u00bb toggle_font=\u00bbArial||||||||\u00bb toggle_text_align=\u00bbcenter\u00bb toggle_font_size=\u00bb29px\u00bb body_font=\u00bbArial||||||||\u00bb global_colors_info=\u00bb{}\u00bb][et_pb_accordion_item title=\u00bbContribuci\u00f3n a la sociedad\u00bb open_toggle_text_color=\u00bb#2D2D2D\u00bb _builder_version=\u00bb4.25.1&#8243; _module_preset=\u00bbdefault\u00bb body_font=\u00bbArial||||||||\u00bb body_text_color=\u00bb#2D2D2D\u00bb body_font_size=\u00bb18px\u00bb global_colors_info=\u00bb{}\u00bb toggle_text_color=\u00bb#2D2D2D\u00bb toggle_font=\u00bbArial||||||||\u00bb toggle_text_align=\u00bbcenter\u00bb toggle_font_size=\u00bb20px\u00bb open=\u00bbon\u00bb]<\/p>\n<p><span class=\"a_GcMg font-feature-liga-off font-feature-clig-off font-feature-calt-off text-decoration-none text-strikethrough-none\">Formar m\u00e9dicas y m\u00e9dicos generales con las habilidades y competencias necesarias para realizar el diagn\u00f3stico, tratamiento y prevenci\u00f3n de enfermedades de origen infeccioso. Contribuir con la investigaci\u00f3n, divulgaci\u00f3n y difusi\u00f3n cient\u00edfica. Colaborar en el diagn\u00f3stico y la identificaci\u00f3n de microorganismos causantes de enfermedades infecciosas.<\/span><\/p>\n<p>[\/et_pb_accordion_item][\/et_pb_accordion][\/et_pb_column][\/et_pb_row][\/et_pb_section]<\/p>\n","protected":false},"excerpt":{"rendered":"<p>Lograr que las y los estudiantes del segundo a\u00f1o de la Licenciatura de M\u00e9dico Cirujano integren los conocimientos de Bacteriolog\u00eda, Virolog\u00eda, Micolog\u00eda y Parasitolog\u00eda, para una mejor comprensi\u00f3n del da\u00f1o que estos microorganismos pueden ocasionarle al hu\u00e9sped.Formar m\u00e9dicas y m\u00e9dicos generales con las habilidades y competencias necesarias para realizar el diagn\u00f3stico, tratamiento y prevenci\u00f3n de [&hellip;]<\/p>\n","protected":false},"author":3,"featured_media":0,"parent":0,"menu_order":0,"comment_status":"closed","ping_status":"closed","template":"","meta":{"_et_pb_use_builder":"on","_et_pb_old_content":"","_et_gb_content_width":"","footnotes":""},"class_list":["post-5781","page","type-page","status-publish","hentry"],"jetpack_sharing_enabled":true,"_links":{"self":[{"href":"https:\/\/microypara.facmed.unam.mx\/index.php\/wp-json\/wp\/v2\/pages\/5781","targetHints":{"allow":["GET"]}}],"collection":[{"href":"https:\/\/microypara.facmed.unam.mx\/index.php\/wp-json\/wp\/v2\/pages"}],"about":[{"href":"https:\/\/microypara.facmed.unam.mx\/index.php\/wp-json\/wp\/v2\/types\/page"}],"author":[{"embeddable":true,"href":"https:\/\/microypara.facmed.unam.mx\/index.php\/wp-json\/wp\/v2\/users\/3"}],"replies":[{"embeddable":true,"href":"https:\/\/microypara.facmed.unam.mx\/index.php\/wp-json\/wp\/v2\/comments?post=5781"}],"version-history":[{"count":9,"href":"https:\/\/microypara.facmed.unam.mx\/index.php\/wp-json\/wp\/v2\/pages\/5781\/revisions"}],"predecessor-version":[{"id":5797,"href":"https:\/\/microypara.facmed.unam.mx\/index.php\/wp-json\/wp\/v2\/pages\/5781\/revisions\/5797"}],"wp:attachment":[{"href":"https:\/\/microypara.facmed.unam.mx\/index.php\/wp-json\/wp\/v2\/media?parent=5781"}],"curies":[{"name":"wp","href":"https:\/\/api.w.org\/{rel}","templated":true}]}}